{"id":485,"date":"2017-12-13T15:18:09","date_gmt":"2017-12-13T15:18:09","guid":{"rendered":"http:\/\/www.marinoabogados.com\/?page_id=485"},"modified":"2017-12-28T09:22:43","modified_gmt":"2017-12-28T09:22:43","slug":"equip-huma","status":"publish","type":"page","link":"http:\/\/www.marinoabogados.com\/ca\/equip-huma\/","title":{"rendered":"Equip Hum\u00e0"},"content":{"rendered":"<div class=\"wpb-content-wrapper\"><p>[vc_row][vc_column][vc_column_text]<\/p>\n<h3>EL NOSTRE EQUIP HUM\u00c0 EST\u00c0 FORMAT PER PROFESSIONALS DEL SECTOR AMB UNA EXPERI\u00c8NCIA DEMOSTRABLE.<\/h3>\n<p>[\/vc_column_text][\/vc_column][\/vc_row][vc_row][vc_column width=&#8221;2\/3&#8243;]<div class=\"mkdf-separator-holder clearfix  mkdf-separator-center\">\n\t<div class=\"mkdf-separator\" ><\/div>\n<\/div>\n[\/vc_column][vc_column width=&#8221;1\/3&#8243;][\/vc_column][\/vc_row][vc_row][vc_column width=&#8221;2\/6&#8243; el_class=&#8221;equipo-humano&#8221;]<div class=\"mkdf-accordion-holder clearfix mkdf-toggle mkdf-boxed \">\n\t<h6 class=\"clearfix mkdf-title-holder\">\n<span class=\"mkdf-accordion-mark mkdf-left-mark\">\n\t\t<span class=\"mkdf-accordion-mark-icon\">\n\t\t\t<span class=\"icon_plus\"><\/span>\n\t\t\t<span class=\"icon_minus-06\"><\/span>\n\t\t<\/span>\n<\/span>\n<span class=\"mkdf-tab-title\">\n\t\t<span class=\"mkdf-tab-title-inner\">\n\t\t\t <span class=\"mkdf-icon-accordion-holder\">\n\t\t\t\t <i class=\"mkdf-icon-font-awesome fa fa-user \" ><\/i>\t\t\t <\/span>\n\t\t\tMiguel G\u00f3mez Marino\t\t<\/span>\n<\/span>\n<\/h6>\n<div class=\"mkdf-accordion-content\">\n\t<div class=\"mkdf-accordion-content-inner\">\n\t\t[vc_column_text]<\/p>\n<div class=\"mkdf-team-title-holder normal\">\n<p class=\"mkdf-team-position \">Advocat<\/p>\n<p class=\"mkdf-team-position \">Diplomat en Ci\u00e8ncies Empresarials<\/p>\n<p class=\"mkdf-team-position \">Master en Dret d\u2019Empresa<\/p>\n<\/div>\n<p>[\/vc_column_text]\n\t\t\t<\/div>\n<\/div>\n<h6 class=\"clearfix mkdf-title-holder\">\n<span class=\"mkdf-accordion-mark mkdf-left-mark\">\n\t\t<span class=\"mkdf-accordion-mark-icon\">\n\t\t\t<span class=\"icon_plus\"><\/span>\n\t\t\t<span class=\"icon_minus-06\"><\/span>\n\t\t<\/span>\n<\/span>\n<span class=\"mkdf-tab-title\">\n\t\t<span class=\"mkdf-tab-title-inner\">\n\t\t\t <span class=\"mkdf-icon-accordion-holder\">\n\t\t\t\t <i class=\"mkdf-icon-font-awesome fa fa-user \" ><\/i>\t\t\t <\/span>\n\t\t\tAlberto Escudero Mart\u00ednez\t\t<\/span>\n<\/span>\n<\/h6>\n<div class=\"mkdf-accordion-content\">\n\t<div class=\"mkdf-accordion-content-inner\">\n\t\t[vc_column_text]<\/p>\n<div class=\"mkdf-team-title-holder normal\">\n<p class=\"mkdf-team-position \">Advocat<\/p>\n<p>Master en Fiscalitat i Dret Tributari<\/p>\n<\/div>\n<p>[\/vc_column_text]\n\t\t\t<\/div>\n<\/div>\n<h6 class=\"clearfix mkdf-title-holder\">\n<span class=\"mkdf-accordion-mark mkdf-left-mark\">\n\t\t<span class=\"mkdf-accordion-mark-icon\">\n\t\t\t<span class=\"icon_plus\"><\/span>\n\t\t\t<span class=\"icon_minus-06\"><\/span>\n\t\t<\/span>\n<\/span>\n<span class=\"mkdf-tab-title\">\n\t\t<span class=\"mkdf-tab-title-inner\">\n\t\t\t <span class=\"mkdf-icon-accordion-holder\">\n\t\t\t\t <i class=\"mkdf-icon-font-awesome fa fa-user \" ><\/i>\t\t\t <\/span>\n\t\t\tFernando Panadero Ram\u00edrez\t\t<\/span>\n<\/span>\n<\/h6>\n<div class=\"mkdf-accordion-content\">\n\t<div class=\"mkdf-accordion-content-inner\">\n\t\t[vc_column_text]<\/p>\n<div class=\"mkdf-team-title-holder normal\">\n<p class=\"mkdf-team-position \">Advocat<\/p>\n<p>Especialista en processos judicials i dret civil<\/p>\n<\/div>\n<p>[\/vc_column_text]\n\t\t\t<\/div>\n<\/div>\n<h6 class=\"clearfix mkdf-title-holder\">\n<span class=\"mkdf-accordion-mark mkdf-left-mark\">\n\t\t<span class=\"mkdf-accordion-mark-icon\">\n\t\t\t<span class=\"icon_plus\"><\/span>\n\t\t\t<span class=\"icon_minus-06\"><\/span>\n\t\t<\/span>\n<\/span>\n<span class=\"mkdf-tab-title\">\n\t\t<span class=\"mkdf-tab-title-inner\">\n\t\t\t <span class=\"mkdf-icon-accordion-holder\">\n\t\t\t\t <i class=\"mkdf-icon-font-awesome fa fa-user \" ><\/i>\t\t\t <\/span>\n\t\t\tLluisa Magri\t\t<\/span>\n<\/span>\n<\/h6>\n<div class=\"mkdf-accordion-content\">\n\t<div class=\"mkdf-accordion-content-inner\">\n\t\t[vc_column_text]<\/p>\n<div class=\"mkdf-team-title-holder normal\">\n<p class=\"mkdf-team-position \">Advocada<\/p>\n<p>Especialista en contenci\u00f2s<\/p>\n<\/div>\n<p>[\/vc_column_text]\n\t\t\t<\/div>\n<\/div>\n<h6 class=\"clearfix mkdf-title-holder\">\n<span class=\"mkdf-accordion-mark mkdf-left-mark\">\n\t\t<span class=\"mkdf-accordion-mark-icon\">\n\t\t\t<span class=\"icon_plus\"><\/span>\n\t\t\t<span class=\"icon_minus-06\"><\/span>\n\t\t<\/span>\n<\/span>\n<span class=\"mkdf-tab-title\">\n\t\t<span class=\"mkdf-tab-title-inner\">\n\t\t\t <span class=\"mkdf-icon-accordion-holder\">\n\t\t\t\t <i class=\"mkdf-icon-font-awesome fa fa-user \" ><\/i>\t\t\t <\/span>\n\t\t\tMaite Arribas\t\t<\/span>\n<\/span>\n<\/h6>\n<div class=\"mkdf-accordion-content\">\n\t<div class=\"mkdf-accordion-content-inner\">\n\t\t[vc_column_text]<\/p>\n<div class=\"mkdf-team-title-holder normal\">\n<p class=\"mkdf-team-position \">Llicenciada en dret<\/p>\n<p>Administraci\u00f3 i comptabilitat<\/p>\n<\/div>\n<p>[\/vc_column_text]\n\t\t\t<\/div>\n<\/div>\n<h6 class=\"clearfix mkdf-title-holder\">\n<span class=\"mkdf-accordion-mark mkdf-left-mark\">\n\t\t<span class=\"mkdf-accordion-mark-icon\">\n\t\t\t<span class=\"icon_plus\"><\/span>\n\t\t\t<span class=\"icon_minus-06\"><\/span>\n\t\t<\/span>\n<\/span>\n<span class=\"mkdf-tab-title\">\n\t\t<span class=\"mkdf-tab-title-inner\">\n\t\t\t <span class=\"mkdf-icon-accordion-holder\">\n\t\t\t\t <i class=\"mkdf-icon-font-awesome fa fa-user \" ><\/i>\t\t\t <\/span>\n\t\t\tMar\u00eda Mata\t\t<\/span>\n<\/span>\n<\/h6>\n<div class=\"mkdf-accordion-content\">\n\t<div class=\"mkdf-accordion-content-inner\">\n\t\t[vc_column_text]<\/p>\n<div class=\"mkdf-team-title-holder normal\">\n<div class=\"mkdf-team-text\">\n<div class=\"mkdf-team-text-inner\">\n<div class=\"mkdf-team-description \">Comptabilitat d\u2019empreses<\/div>\n<\/div>\n<\/div>\n<\/div>\n<p>[\/vc_column_text]\n\t\t\t<\/div>\n<\/div>\n<h6 class=\"clearfix mkdf-title-holder\">\n<span class=\"mkdf-accordion-mark mkdf-left-mark\">\n\t\t<span class=\"mkdf-accordion-mark-icon\">\n\t\t\t<span class=\"icon_plus\"><\/span>\n\t\t\t<span class=\"icon_minus-06\"><\/span>\n\t\t<\/span>\n<\/span>\n<span class=\"mkdf-tab-title\">\n\t\t<span class=\"mkdf-tab-title-inner\">\n\t\t\t <span class=\"mkdf-icon-accordion-holder\">\n\t\t\t\t <i class=\"mkdf-icon-font-awesome fa fa-user \" ><\/i>\t\t\t <\/span>\n\t\t\tTania Navarro\t\t<\/span>\n<\/span>\n<\/h6>\n<div class=\"mkdf-accordion-content\">\n\t<div class=\"mkdf-accordion-content-inner\">\n\t\t[vc_column_text]<\/p>\n<div class=\"mkdf-team-title-holder normal\">\n<p class=\"mkdf-team-position \">Advocada<\/p>\n<p>Especialista en dret penal i contenci\u00f2s<\/p>\n<\/div>\n<p>[\/vc_column_text]\n\t\t\t<\/div>\n<\/div>\n<\/div>[\/vc_column][vc_column width=&#8221;4\/6&#8243;][vc_gallery type=&#8221;nivo&#8221; interval=&#8221;3&#8243; images=&#8221;402,470,436,434,461,440,462&#8243; img_size=&#8221;large&#8221;][\/vc_column][\/vc_row]<\/p>\n<\/div>","protected":false},"excerpt":{"rendered":"<p>[vc_row][vc_column][vc_column_text] EL NOSTRE EQUIP HUM\u00c0 EST\u00c0 FORMAT PER PROFESSIONALS DEL SECTOR AMB UNA EXPERI\u00c8NCIA DEMOSTRABLE. [\/vc_column_text][\/vc_column][\/vc_row][vc_row][vc_column width=&#8221;2\/3&#8243;][\/vc_column][vc_column width=&#8221;1\/3&#8243;][\/vc_column][\/vc_row][vc_row][vc_column width=&#8221;2\/6&#8243; el_class=&#8221;equipo-humano&#8221;][\/vc_column][vc_column width=&#8221;4\/6&#8243;][vc_gallery type=&#8221;nivo&#8221; interval=&#8221;3&#8243; images=&#8221;402,470,436,434,461,440,462&#8243; img_size=&#8221;large&#8221;][\/vc_column][\/vc_row]<\/p>\n","protected":false},"author":1,"featured_media":0,"parent":0,"menu_order":0,"comment_status":"closed","ping_status":"closed","template":"","meta":{"footnotes":""},"class_list":["post-485","page","type-page","status-publish","hentry"],"_links":{"self":[{"href":"http:\/\/www.marinoabogados.com\/ca\/wp-json\/wp\/v2\/pages\/485","targetHints":{"allow":["GET"]}}],"collection":[{"href":"http:\/\/www.marinoabogados.com\/ca\/wp-json\/wp\/v2\/pages"}],"about":[{"href":"http:\/\/www.marinoabogados.com\/ca\/wp-json\/wp\/v2\/types\/page"}],"author":[{"embeddable":true,"href":"http:\/\/www.marinoabogados.com\/ca\/wp-json\/wp\/v2\/users\/1"}],"replies":[{"embeddable":true,"href":"http:\/\/www.marinoabogados.com\/ca\/wp-json\/wp\/v2\/comments?post=485"}],"version-history":[{"count":6,"href":"http:\/\/www.marinoabogados.com\/ca\/wp-json\/wp\/v2\/pages\/485\/revisions"}],"predecessor-version":[{"id":928,"href":"http:\/\/www.marinoabogados.com\/ca\/wp-json\/wp\/v2\/pages\/485\/revisions\/928"}],"wp:attachment":[{"href":"http:\/\/www.marinoabogados.com\/ca\/wp-json\/wp\/v2\/media?parent=485"}],"curies":[{"name":"wp","href":"https:\/\/api.w.org\/{rel}","templated":true}]}}