{"id":492,"date":"2017-12-13T15:31:32","date_gmt":"2017-12-13T15:31:32","guid":{"rendered":"http:\/\/www.marinoabogados.com\/?page_id=492"},"modified":"2017-12-13T15:31:48","modified_gmt":"2017-12-13T15:31:48","slug":"fiscal","status":"publish","type":"page","link":"http:\/\/www.marinoabogados.com\/ca\/serveis\/fiscal\/","title":{"rendered":"Fiscal"},"content":{"rendered":"<div class=\"wpb-content-wrapper\"><p>[vc_row][vc_column width=&#8221;1\/2&#8243;][vc_column_text]El Dret Tributari, principalment en les seves vessants empresarial i immobiliari, \u00e9s una de les nostres especialitats, amb una gran import\u00e0ncia dintre dels serveis integrals que oferim als clients. A <strong>Marino advocats<\/strong> donem assessorament fiscal a les empreses i particulars, a tots els nivells, cercant les solucions espec\u00edfiques i adaptades a les necessitats de cada client.<\/p>\n<p>Apliquem l\u2019esmentat assessorament fiscal i revisi\u00f3 tribut\u00e0ria a tots els expedients, de qualsevol mat\u00e8ria, sense que el client ens els encarregui expressament. Aix\u00f2 \u00e9s possible per la nostra formaci\u00f3 tribut\u00e0ria constant i permanentment actualitzada.[\/vc_column_text][vc_column_text]El ventall de serveis que oferim en aquesta mat\u00e8ria \u00e9s tan ampli com ho s\u00f3n totes les q\u00fcestions tribut\u00e0ries que existeixen a nivell nacional e internacional.<\/p>\n<p>Esmentem alguns exemples:[\/vc_column_text][\/vc_column][vc_column width=&#8221;1\/2&#8243;][vc_single_image image=&#8221;437&#8243; img_size=&#8221;large&#8221; alignment=&#8221;center&#8221; style=&#8221;vc_box_rounded&#8221;][\/vc_column][\/vc_row][vc_row][vc_column width=&#8221;1\/2&#8243;][vc_column_text]<\/p>\n<ul>\n<li>Tributaci\u00f3 de l\u2019empresari i socis o accionistes<\/li>\n<li>Fiscalitat internacional<\/li>\n<li>Operacions de reestructuraci\u00f3 empresarial (aportacions protegides i de branques d\u2019activitat, fusions i escissions)<\/li>\n<li>Empresa familiar. Her\u00e8ncia o successi\u00f3 de l\u2019empresa.<\/li>\n<li>Fiscalitat de grups (preus de transfer\u00e8ncia, Master File, TARGET)<\/li>\n<li>Fiscalitat al sector immobiliari, construcci\u00f3 i promoci\u00f3<\/li>\n<li>Inspecci\u00f3 d\u2019Hisenda<\/li>\n<li>Impost de Societats<\/li>\n<\/ul>\n<p>[\/vc_column_text][\/vc_column][vc_column width=&#8221;1\/2&#8243;][vc_column_text]<\/p>\n<ul>\n<li>IVA i ITP<\/li>\n<li>RRPF<\/li>\n<li>Impost de No Residents<\/li>\n<li>Registre d\u2019operador intracomunitari (ROI)<\/li>\n<li>INTRASTAT i impostos especials<\/li>\n<li>VIES (Vat Information Exchange System)<\/li>\n<li>Consolidaci\u00f3 fiscal i comptable<\/li>\n<li>Declaracions especials de b\u00e9ns a l\u2019estranger. Declaraci\u00f3 de inversions i desinversions estrangeres<\/li>\n<li>Contenci\u00f3s administratiu. Impugnaci\u00f3 i recursos tributaris<\/li>\n<\/ul>\n<p>[\/vc_column_text][\/vc_column][\/vc_row][vc_row][vc_column][vc_empty_space][vc_column_text]Els serveis d\u2019aquest departament busquen dos objectius principals: Seguretat i optimitzaci\u00f3 fiscal-econ\u00f2mica.<\/p>\n<p>\u00c9s per aix\u00f2 que oferim tamb\u00e9 serveis de gesti\u00f3 comptable i fiscal per a societats mercantils i d\u2019altres entitats, que inclou portar els llibres comptables, presentaci\u00f3 de declaracions i de la resta d\u2019obligacions tribut\u00e0ries i mercantils de les empreses.[\/vc_column_text][vc_empty_space][\/vc_column][\/vc_row][vc_row][vc_column width=&#8221;1\/2&#8243;][vc_column_text]Pertanyem a l\u2019Associaci\u00f3 Espanyola d\u2019Assessors Fiscals. Col\u00b7laborem peri\u00f2dicament en publicacions relacionades amb aquesta mat\u00e8ria i s\u00f3n autors de llibres i monografies sobre assumptes tributaris d\u2019actualitat.[\/vc_column_text][\/vc_column][vc_column width=&#8221;1\/2&#8243;][vc_column_text]<a href=\"http:\/\/www.aedaf.es\"><img decoding=\"async\" class=\"aligncenter size-medium wp-image-229\" src=\"http:\/\/marinoabogados.com\/newweb\/wp-content\/uploads\/2016\/12\/aedaf-300x106.jpg\" alt=\"\" width=\"300\" height=\"106\" srcset=\"http:\/\/www.marinoabogados.com\/wp-content\/uploads\/2016\/12\/aedaf-300x106.jpg 300w, http:\/\/www.marinoabogados.com\/wp-content\/uploads\/2016\/12\/aedaf.jpg 468w\" sizes=\"(max-width: 300px) 100vw, 300px\" \/><\/a>[\/vc_column_text][\/vc_column][\/vc_row]<\/p>\n<\/div>","protected":false},"excerpt":{"rendered":"<p>[vc_row][vc_column width=&#8221;1\/2&#8243;][vc_column_text]El Dret Tributari, principalment en les seves vessants empresarial i immobiliari, \u00e9s una de les nostres especialitats, amb una gran import\u00e0ncia dintre dels serveis integrals que oferim als clients. A Marino advocats donem assessorament fiscal a les empreses i&#8230;<\/p>\n","protected":false},"author":1,"featured_media":0,"parent":519,"menu_order":0,"comment_status":"closed","ping_status":"closed","template":"","meta":{"footnotes":""},"class_list":["post-492","page","type-page","status-publish","hentry"],"_links":{"self":[{"href":"http:\/\/www.marinoabogados.com\/ca\/wp-json\/wp\/v2\/pages\/492","targetHints":{"allow":["GET"]}}],"collection":[{"href":"http:\/\/www.marinoabogados.com\/ca\/wp-json\/wp\/v2\/pages"}],"about":[{"href":"http:\/\/www.marinoabogados.com\/ca\/wp-json\/wp\/v2\/types\/page"}],"author":[{"embeddable":true,"href":"http:\/\/www.marinoabogados.com\/ca\/wp-json\/wp\/v2\/users\/1"}],"replies":[{"embeddable":true,"href":"http:\/\/www.marinoabogados.com\/ca\/wp-json\/wp\/v2\/comments?post=492"}],"version-history":[{"count":1,"href":"http:\/\/www.marinoabogados.com\/ca\/wp-json\/wp\/v2\/pages\/492\/revisions"}],"predecessor-version":[{"id":493,"href":"http:\/\/www.marinoabogados.com\/ca\/wp-json\/wp\/v2\/pages\/492\/revisions\/493"}],"up":[{"embeddable":true,"href":"http:\/\/www.marinoabogados.com\/ca\/wp-json\/wp\/v2\/pages\/519"}],"wp:attachment":[{"href":"http:\/\/www.marinoabogados.com\/ca\/wp-json\/wp\/v2\/media?parent=492"}],"curies":[{"name":"wp","href":"https:\/\/api.w.org\/{rel}","templated":true}]}}