{"id":494,"date":"2017-12-13T15:34:45","date_gmt":"2017-12-13T15:34:45","guid":{"rendered":"http:\/\/www.marinoabogados.com\/?page_id=494"},"modified":"2017-12-13T15:34:45","modified_gmt":"2017-12-13T15:34:45","slug":"procesos-judicials-i-contencios","status":"publish","type":"page","link":"http:\/\/www.marinoabogados.com\/ca\/serveis\/procesos-judicials-i-contencios\/","title":{"rendered":"Procesos Judicials I Contenci\u00f2s"},"content":{"rendered":"<div class=\"wpb-content-wrapper\"><p>[vc_row][vc_column width=&#8221;1\/2&#8243;][vc_column_text]L\u2019\u00e0mbit judicial i contenci\u00f3s en general, constitueix una de les nostres principals especialitats, at\u00e8s que donem <strong>assessorament\u00a0 integral previ a qualsevol intervenci\u00f3 als Tribunals (inclosa la fiscal)<\/strong>. \u00c9s per aix\u00f2 que estudiem les alternatives, avantatges o desavantatges de iniciar el plet, la solv\u00e8ncia de la part contr\u00e0ria i les conseq\u00fc\u00e8ncies de qualsevol actuaci\u00f3 judicial que el client ens encarregui.[\/vc_column_text][vc_column_text]La nostra intervenci\u00f3 en procediments judicials abasta tots els processos civils i mercantils, incloent-hi execucions contra morosos, mesures cautelars per a embargaments de b\u00e9ns i reclamacions diner\u00e0ries de tota mena. Aix\u00ed mateix, intervenim en processos concursals, laborals, penals i contenciosos-administratius.<\/p>\n<p>Tal com hem exposat a la presentaci\u00f3 de la nostra Firma, una de les nostres caracter\u00edstiques i un important tret diferenciador \u00e9s la prestaci\u00f3 del servei, tot combinant les diferents disciplines jur\u00eddiques que es troben naturalment vinculades, per tal d\u2019aconseguir un assessorament complet. Aquesta filosofia es fa palesa a les intervencions davant Jutjats i Tribunals de Just\u00edcia. Cadascun dels professionals del nostre despatx aporta els seus\u00a0 coneixements en mat\u00e8ries espec\u00edfiques i aix\u00f2 augmenta les possibilitats d\u2019\u00e8xit , a m\u00e9s d\u2019oferir assessorament paral\u00b7lel al client sobre les q\u00fcestions jur\u00eddiques i fiscals que comporta un litigi.<\/p>\n<p>Tanmateix, defensem els interessos dels creditors dintre dels concursos i davant dels Tribunals Arbitrals.<\/p>\n<p>Ens avala una dilatada experi\u00e8ncia en procediments judicials, especialment a la jurisdicci\u00f3 civil i mercantil, que afegida al nostre afany d\u2019actualitzaci\u00f3, estudi i coordinaci\u00f3 constants, posa al servei del client les millors garanties en defensa dels seus interessos.[\/vc_column_text][\/vc_column][vc_column width=&#8221;1\/2&#8243;][vc_single_image image=&#8221;441&#8243; img_size=&#8221;large&#8221; alignment=&#8221;center&#8221; style=&#8221;vc_box_rounded&#8221;][\/vc_column][\/vc_row]<\/p>\n<\/div>","protected":false},"excerpt":{"rendered":"<p>[vc_row][vc_column width=&#8221;1\/2&#8243;][vc_column_text]L\u2019\u00e0mbit judicial i contenci\u00f3s en general, constitueix una de les nostres principals especialitats, at\u00e8s que donem assessorament\u00a0 integral previ a qualsevol intervenci\u00f3 als Tribunals (inclosa la fiscal). \u00c9s per aix\u00f2 que estudiem les alternatives, avantatges o desavantatges de iniciar&#8230;<\/p>\n","protected":false},"author":1,"featured_media":0,"parent":519,"menu_order":0,"comment_status":"closed","ping_status":"closed","template":"","meta":{"footnotes":""},"class_list":["post-494","page","type-page","status-publish","hentry"],"_links":{"self":[{"href":"http:\/\/www.marinoabogados.com\/ca\/wp-json\/wp\/v2\/pages\/494","targetHints":{"allow":["GET"]}}],"collection":[{"href":"http:\/\/www.marinoabogados.com\/ca\/wp-json\/wp\/v2\/pages"}],"about":[{"href":"http:\/\/www.marinoabogados.com\/ca\/wp-json\/wp\/v2\/types\/page"}],"author":[{"embeddable":true,"href":"http:\/\/www.marinoabogados.com\/ca\/wp-json\/wp\/v2\/users\/1"}],"replies":[{"embeddable":true,"href":"http:\/\/www.marinoabogados.com\/ca\/wp-json\/wp\/v2\/comments?post=494"}],"version-history":[{"count":1,"href":"http:\/\/www.marinoabogados.com\/ca\/wp-json\/wp\/v2\/pages\/494\/revisions"}],"predecessor-version":[{"id":495,"href":"http:\/\/www.marinoabogados.com\/ca\/wp-json\/wp\/v2\/pages\/494\/revisions\/495"}],"up":[{"embeddable":true,"href":"http:\/\/www.marinoabogados.com\/ca\/wp-json\/wp\/v2\/pages\/519"}],"wp:attachment":[{"href":"http:\/\/www.marinoabogados.com\/ca\/wp-json\/wp\/v2\/media?parent=494"}],"curies":[{"name":"wp","href":"https:\/\/api.w.org\/{rel}","templated":true}]}}