{"id":498,"date":"2017-12-13T15:37:04","date_gmt":"2017-12-13T15:37:04","guid":{"rendered":"http:\/\/www.marinoabogados.com\/?page_id=498"},"modified":"2017-12-13T15:37:04","modified_gmt":"2017-12-13T15:37:04","slug":"immobiliari-i-construccio","status":"publish","type":"page","link":"http:\/\/www.marinoabogados.com\/ca\/serveis\/immobiliari-i-construccio\/","title":{"rendered":"Immobiliari I Construcci\u00f3"},"content":{"rendered":"<div class=\"wpb-content-wrapper\"><p>[vc_row][vc_column width=&#8221;1\/2&#8243;][vc_column_text]Bona part dels nostres clients m\u00e9s antics desenvolupen la seva feina al sector immobiliari i de la construcci\u00f3.<\/p>\n<p>Aix\u00f2 ens ha fet adquirir una gran experi\u00e8ncia a totes les mat\u00e8ries relacionades amb aquestes mat\u00e8ries, on la aplicaci\u00f3 integrada de coneixements en totes les \u00e0rees jur\u00eddiques i tribut\u00e0ries te una especial transcend\u00e8ncia.[\/vc_column_text][\/vc_column][vc_column width=&#8221;1\/2&#8243;][vc_single_image image=&#8221;453&#8243; img_size=&#8221;large&#8221; alignment=&#8221;center&#8221; style=&#8221;vc_box_rounded&#8221;][\/vc_column][\/vc_row]<\/p>\n<\/div>","protected":false},"excerpt":{"rendered":"<p>[vc_row][vc_column width=&#8221;1\/2&#8243;][vc_column_text]Bona part dels nostres clients m\u00e9s antics desenvolupen la seva feina al sector immobiliari i de la construcci\u00f3. Aix\u00f2 ens ha fet adquirir una gran experi\u00e8ncia a totes les mat\u00e8ries relacionades amb aquestes mat\u00e8ries, on la aplicaci\u00f3 integrada de&#8230;<\/p>\n","protected":false},"author":1,"featured_media":0,"parent":519,"menu_order":0,"comment_status":"closed","ping_status":"closed","template":"","meta":{"footnotes":""},"class_list":["post-498","page","type-page","status-publish","hentry"],"_links":{"self":[{"href":"http:\/\/www.marinoabogados.com\/ca\/wp-json\/wp\/v2\/pages\/498","targetHints":{"allow":["GET"]}}],"collection":[{"href":"http:\/\/www.marinoabogados.com\/ca\/wp-json\/wp\/v2\/pages"}],"about":[{"href":"http:\/\/www.marinoabogados.com\/ca\/wp-json\/wp\/v2\/types\/page"}],"author":[{"embeddable":true,"href":"http:\/\/www.marinoabogados.com\/ca\/wp-json\/wp\/v2\/users\/1"}],"replies":[{"embeddable":true,"href":"http:\/\/www.marinoabogados.com\/ca\/wp-json\/wp\/v2\/comments?post=498"}],"version-history":[{"count":1,"href":"http:\/\/www.marinoabogados.com\/ca\/wp-json\/wp\/v2\/pages\/498\/revisions"}],"predecessor-version":[{"id":499,"href":"http:\/\/www.marinoabogados.com\/ca\/wp-json\/wp\/v2\/pages\/498\/revisions\/499"}],"up":[{"embeddable":true,"href":"http:\/\/www.marinoabogados.com\/ca\/wp-json\/wp\/v2\/pages\/519"}],"wp:attachment":[{"href":"http:\/\/www.marinoabogados.com\/ca\/wp-json\/wp\/v2\/media?parent=498"}],"curies":[{"name":"wp","href":"https:\/\/api.w.org\/{rel}","templated":true}]}}