{"id":500,"date":"2017-12-13T15:38:44","date_gmt":"2017-12-13T15:38:44","guid":{"rendered":"http:\/\/www.marinoabogados.com\/?page_id=500"},"modified":"2017-12-13T15:38:44","modified_gmt":"2017-12-13T15:38:44","slug":"concursal-i-crisis-empresarial","status":"publish","type":"page","link":"http:\/\/www.marinoabogados.com\/ca\/serveis\/concursal-i-crisis-empresarial\/","title":{"rendered":"Concursal I Crisis Empresarial"},"content":{"rendered":"<div class=\"wpb-content-wrapper\"><p>[vc_row][vc_column width=&#8221;1\/2&#8243;][vc_column_text]<strong>Marino advocats<\/strong> te m\u00e9s de dues d\u00e8cades d\u2019experi\u00e8ncia en tots els \u00e0mbits de les crisis empresarials i les seves solucions i, en concret, als concursos de creditors.<\/p>\n<p>A les crisis empresarials treballem amb l\u2019empresari en la prevenci\u00f3 de conflictes abans de consolidar-se la insolv\u00e8ncia, o resolent els problemes que pugin sorgir quan aquesta ja s\u2019ha produ\u00eft. La clau \u00e9s una planificaci\u00f3 i execuci\u00f3 de l\u2019estrat\u00e8gia correctes.<\/p>\n<p>En mat\u00e8ria concursal, Marino advocats est\u00e0 especialitzada en la presentaci\u00f3 del concurs a l\u2019empresari en crisi i en la defensa dels creditors davant dels concursos de deutors.<\/p>\n<p>La disciplina concursal exigeix l\u2019aplicaci\u00f3 de pr\u00e0cticament totes les mat\u00e8ries del Dret, incl\u00fas la econ\u00f2mica. Per aix\u00f2, hem de col\u00b7laborar tots els professionals del Bufet. Fem una relaci\u00f3 de mat\u00e8ries i actuacions jur\u00eddiques relacionades amb la insolv\u00e8ncia\u00a0 empresarial:[\/vc_column_text][\/vc_column][vc_column width=&#8221;1\/2&#8243;][vc_single_image image=&#8221;474&#8243; img_size=&#8221;large&#8221; alignment=&#8221;center&#8221; style=&#8221;vc_box_rounded&#8221;][\/vc_column][\/vc_row][vc_row][vc_column width=&#8221;1\/2&#8243;][vc_column_text]<strong>Serveis a l\u2019empresari en crisi:<\/strong><\/p>\n<ul>\n<li>Planificaci\u00f3 pr\u00e8via al concurs.: Elaboraci\u00f3 del conveni amb els creditors per a salvar l\u2019empresa, liquidaci\u00f3 de la empresa, responsabilitat dels administradors, terminis per a presentar el concurs.<\/li>\n<li>Presentaci\u00f3 del concurs davant els Jutjats.<\/li>\n<li>Tramitaci\u00f3 judicial de tot el procediment concursal.<\/li>\n<li>Acords entre socis i administradors per a resoldre conflictes.<\/li>\n<\/ul>\n<p>[\/vc_column_text][\/vc_column][vc_column width=&#8221;1\/2&#8243;][vc_column_text]<strong>Serveis als creditors:<\/strong><\/p>\n<ul>\n<li>Recuperaci\u00f3 de l\u2019IVA de les factures impagades<\/li>\n<li>Defensa del cr\u00e8dit davant del Jutjat que tramita el concurs<\/li>\n<li>Presentaci\u00f3 del concurs a la empresa deutora (instar el deutor)<\/li>\n<li>Responsabilitat de l\u2019empresari. Actuacions judicials per a recuperar el cr\u00e8dit del patrimoni personal dels administradors i de terceres persones.<\/li>\n<\/ul>\n<p>[\/vc_column_text][\/vc_column][\/vc_row]<\/p>\n<\/div>","protected":false},"excerpt":{"rendered":"<p>[vc_row][vc_column width=&#8221;1\/2&#8243;][vc_column_text]Marino advocats te m\u00e9s de dues d\u00e8cades d\u2019experi\u00e8ncia en tots els \u00e0mbits de les crisis empresarials i les seves solucions i, en concret, als concursos de creditors. A les crisis empresarials treballem amb l\u2019empresari en la prevenci\u00f3 de conflictes&#8230;<\/p>\n","protected":false},"author":1,"featured_media":0,"parent":519,"menu_order":0,"comment_status":"closed","ping_status":"closed","template":"","meta":{"footnotes":""},"class_list":["post-500","page","type-page","status-publish","hentry"],"_links":{"self":[{"href":"http:\/\/www.marinoabogados.com\/ca\/wp-json\/wp\/v2\/pages\/500","targetHints":{"allow":["GET"]}}],"collection":[{"href":"http:\/\/www.marinoabogados.com\/ca\/wp-json\/wp\/v2\/pages"}],"about":[{"href":"http:\/\/www.marinoabogados.com\/ca\/wp-json\/wp\/v2\/types\/page"}],"author":[{"embeddable":true,"href":"http:\/\/www.marinoabogados.com\/ca\/wp-json\/wp\/v2\/users\/1"}],"replies":[{"embeddable":true,"href":"http:\/\/www.marinoabogados.com\/ca\/wp-json\/wp\/v2\/comments?post=500"}],"version-history":[{"count":1,"href":"http:\/\/www.marinoabogados.com\/ca\/wp-json\/wp\/v2\/pages\/500\/revisions"}],"predecessor-version":[{"id":501,"href":"http:\/\/www.marinoabogados.com\/ca\/wp-json\/wp\/v2\/pages\/500\/revisions\/501"}],"up":[{"embeddable":true,"href":"http:\/\/www.marinoabogados.com\/ca\/wp-json\/wp\/v2\/pages\/519"}],"wp:attachment":[{"href":"http:\/\/www.marinoabogados.com\/ca\/wp-json\/wp\/v2\/media?parent=500"}],"curies":[{"name":"wp","href":"https:\/\/api.w.org\/{rel}","templated":true}]}}