{"id":503,"date":"2017-12-13T15:39:58","date_gmt":"2017-12-13T15:39:58","guid":{"rendered":"http:\/\/www.marinoabogados.com\/?page_id=503"},"modified":"2017-12-13T15:39:58","modified_gmt":"2017-12-13T15:39:58","slug":"bancari","status":"publish","type":"page","link":"http:\/\/www.marinoabogados.com\/ca\/serveis\/bancari\/","title":{"rendered":"Bancari"},"content":{"rendered":"<div class=\"wpb-content-wrapper\"><p>[vc_row][vc_column width=&#8221;1\/2&#8243;][vc_column_text]Dos dels nostres professionals s\u00f3n especialistes en reclamacions banc\u00e0ries, i col\u00b7laboren amb associacions d\u2019afectats per la banca.<\/p>\n<p>Algunes de les mat\u00e8ries relacionades amb aquesta \u00e0rea s\u00f3n:<\/p>\n<ul>\n<li>Abusos i mala praxis banc\u00e0ria<\/li>\n<li>Participacions preferents<\/li>\n<li>SWAPS<\/li>\n<li>Cl\u00e0usules s\u00f2l<\/li>\n<li>Despeses de hipoteca (devoluci\u00f3 de l\u2019import)<\/li>\n<li>Cl\u00e0usules abusives als pr\u00e9stecs hipotecaris<\/li>\n<li>Reclamaci\u00f3 contra els bancs per les garanties que van haver de prestar els promotors immobiliaris (vendes d\u2019obra nova sobre pl\u00e0nol)<\/li>\n<li>IRPH<\/li>\n<li>Hipoteques multidivisa<\/li>\n<li>Warrants<\/li>\n<li>Contractes incomplerts d\u2019empreses d\u2019assessorament financer (EAFI)<\/li>\n<li>Bons Autocancel\u00b7lables<\/li>\n<li>Defensa en execucions hipotec\u00e0ries<\/li>\n<li>Daci\u00f3 en pagament<\/li>\n<li>Renegociaci\u00f3 del deute<\/li>\n<\/ul>\n<p>[\/vc_column_text][\/vc_column][vc_column width=&#8221;1\/2&#8243;][vc_single_image image=&#8221;438&#8243; img_size=&#8221;large&#8221; alignment=&#8221;center&#8221; style=&#8221;vc_box_rounded&#8221;][\/vc_column][\/vc_row]<\/p>\n<\/div>","protected":false},"excerpt":{"rendered":"<p>[vc_row][vc_column width=&#8221;1\/2&#8243;][vc_column_text]Dos dels nostres professionals s\u00f3n especialistes en reclamacions banc\u00e0ries, i col\u00b7laboren amb associacions d\u2019afectats per la banca. Algunes de les mat\u00e8ries relacionades amb aquesta \u00e0rea s\u00f3n: Abusos i mala praxis banc\u00e0ria Participacions preferents SWAPS Cl\u00e0usules s\u00f2l Despeses de hipoteca&#8230;<\/p>\n","protected":false},"author":1,"featured_media":0,"parent":519,"menu_order":0,"comment_status":"closed","ping_status":"closed","template":"","meta":{"footnotes":""},"class_list":["post-503","page","type-page","status-publish","hentry"],"_links":{"self":[{"href":"http:\/\/www.marinoabogados.com\/ca\/wp-json\/wp\/v2\/pages\/503","targetHints":{"allow":["GET"]}}],"collection":[{"href":"http:\/\/www.marinoabogados.com\/ca\/wp-json\/wp\/v2\/pages"}],"about":[{"href":"http:\/\/www.marinoabogados.com\/ca\/wp-json\/wp\/v2\/types\/page"}],"author":[{"embeddable":true,"href":"http:\/\/www.marinoabogados.com\/ca\/wp-json\/wp\/v2\/users\/1"}],"replies":[{"embeddable":true,"href":"http:\/\/www.marinoabogados.com\/ca\/wp-json\/wp\/v2\/comments?post=503"}],"version-history":[{"count":1,"href":"http:\/\/www.marinoabogados.com\/ca\/wp-json\/wp\/v2\/pages\/503\/revisions"}],"predecessor-version":[{"id":504,"href":"http:\/\/www.marinoabogados.com\/ca\/wp-json\/wp\/v2\/pages\/503\/revisions\/504"}],"up":[{"embeddable":true,"href":"http:\/\/www.marinoabogados.com\/ca\/wp-json\/wp\/v2\/pages\/519"}],"wp:attachment":[{"href":"http:\/\/www.marinoabogados.com\/ca\/wp-json\/wp\/v2\/media?parent=503"}],"curies":[{"name":"wp","href":"https:\/\/api.w.org\/{rel}","templated":true}]}}