{"id":505,"date":"2017-12-13T15:40:57","date_gmt":"2017-12-13T15:40:57","guid":{"rendered":"http:\/\/www.marinoabogados.com\/?page_id=505"},"modified":"2017-12-13T15:40:57","modified_gmt":"2017-12-13T15:40:57","slug":"gestio-fiscal-i-comptable","status":"publish","type":"page","link":"http:\/\/www.marinoabogados.com\/ca\/serveis\/gestio-fiscal-i-comptable\/","title":{"rendered":"Gesti\u00f3 Fiscal I Comptable"},"content":{"rendered":"<div class=\"wpb-content-wrapper\"><p>[vc_row][vc_column width=&#8221;1\/2&#8243;][vc_column_text]Donem servei de gestoria comptable, declaracions tribut\u00e0ries i gesti\u00f3 laboral per a les empreses (societats i aut\u00f2noms).<\/p>\n<p>Bona part dels nostres clients ens han confiat el control comptable-tributari de les seves empreses, la qual cosa permet gestionar amb m\u00e9s agilitat l\u2019assessorament global. El contacte permanent amb el client permet detectar amb rapidesa els avantatges o perills de l\u2019activitat empresarial. A m\u00e9s, donat que bona part de les consultes o reunions que necessita el client queden incloses a la quota peri\u00f2dica, aix\u00f2 suposa un estalvi important per a ell.<\/p>\n<p>Els serveis que ofereix aquest departament s\u00f3n els propis d\u2019una gestoria, amb la difer\u00e8ncia que el client disposa dels nostres advocats per a rebre l\u2019assessorament global que necessita en \u00e0mbits com ara:<\/p>\n<ul>\n<li>Comptabilitat<\/li>\n<li>Declaracions tribut\u00e0ries peri\u00f2diques i especials<\/li>\n<li>Assessorament tributari general<\/li>\n<li>Assessorament societari<\/li>\n<li>Comptes Anuals<\/li>\n<\/ul>\n<p>[\/vc_column_text][\/vc_column][vc_column width=&#8221;1\/2&#8243;][vc_single_image image=&#8221;435&#8243; img_size=&#8221;large&#8221; alignment=&#8221;center&#8221; style=&#8221;vc_box_rounded&#8221; el_class=&#8221;imagen-gris&#8221;][\/vc_column][\/vc_row]<\/p>\n<\/div>","protected":false},"excerpt":{"rendered":"<p>[vc_row][vc_column width=&#8221;1\/2&#8243;][vc_column_text]Donem servei de gestoria comptable, declaracions tribut\u00e0ries i gesti\u00f3 laboral per a les empreses (societats i aut\u00f2noms). Bona part dels nostres clients ens han confiat el control comptable-tributari de les seves empreses, la qual cosa permet gestionar amb m\u00e9s&#8230;<\/p>\n","protected":false},"author":1,"featured_media":0,"parent":519,"menu_order":0,"comment_status":"closed","ping_status":"closed","template":"","meta":{"footnotes":""},"class_list":["post-505","page","type-page","status-publish","hentry"],"_links":{"self":[{"href":"http:\/\/www.marinoabogados.com\/ca\/wp-json\/wp\/v2\/pages\/505","targetHints":{"allow":["GET"]}}],"collection":[{"href":"http:\/\/www.marinoabogados.com\/ca\/wp-json\/wp\/v2\/pages"}],"about":[{"href":"http:\/\/www.marinoabogados.com\/ca\/wp-json\/wp\/v2\/types\/page"}],"author":[{"embeddable":true,"href":"http:\/\/www.marinoabogados.com\/ca\/wp-json\/wp\/v2\/users\/1"}],"replies":[{"embeddable":true,"href":"http:\/\/www.marinoabogados.com\/ca\/wp-json\/wp\/v2\/comments?post=505"}],"version-history":[{"count":1,"href":"http:\/\/www.marinoabogados.com\/ca\/wp-json\/wp\/v2\/pages\/505\/revisions"}],"predecessor-version":[{"id":506,"href":"http:\/\/www.marinoabogados.com\/ca\/wp-json\/wp\/v2\/pages\/505\/revisions\/506"}],"up":[{"embeddable":true,"href":"http:\/\/www.marinoabogados.com\/ca\/wp-json\/wp\/v2\/pages\/519"}],"wp:attachment":[{"href":"http:\/\/www.marinoabogados.com\/ca\/wp-json\/wp\/v2\/media?parent=505"}],"curies":[{"name":"wp","href":"https:\/\/api.w.org\/{rel}","templated":true}]}}