{"id":507,"date":"2017-12-13T15:43:20","date_gmt":"2017-12-13T15:43:20","guid":{"rendered":"http:\/\/www.marinoabogados.com\/?page_id=507"},"modified":"2017-12-13T15:43:20","modified_gmt":"2017-12-13T15:43:20","slug":"daltres-materies","status":"publish","type":"page","link":"http:\/\/www.marinoabogados.com\/ca\/serveis\/daltres-materies\/","title":{"rendered":"D\u2019altres Mat\u00e8ries:"},"content":{"rendered":"<div class=\"wpb-content-wrapper\"><p>[vc_row][vc_column width=&#8221;1\/2&#8243;][vc_column_text]L\u2019assessorament empresarial no pot prescindir de cap mat\u00e8ria jur\u00eddica, econ\u00f2mica o financera. El nostre tret diferenciador \u00e9s l\u2019aplicaci\u00f3\u00a0 combinada de totes les disciplines jur\u00eddiques i econ\u00f2miques a cadascun dels expedients, a m\u00e9s de l\u2019actualitzaci\u00f3 constant de coneixements.<\/p>\n<p>Fidels a\u00a0 aquest principi, creiem imprescindible l\u2019aplicaci\u00f3 de coneixements actualitzats i experi\u00e8ncia solvent en aquestes \u00e0rees del Dret:<\/p>\n<p>Dret Civil: Tot i no ser una mat\u00e8ria principal als despatxos d\u2019advocats d\u2019empreses, en realitat \u00e9s la disciplina m\u00e9s important, donat que constitueix la base de tot l\u2019espectre jur\u00eddic, inclosos el tributari o mercantil.<\/p>\n<p>El Dret Civil est\u00e0 present en la successi\u00f3 de l\u2019empresari o en la preparaci\u00f3 d\u2019un contracte d\u2019arrendament. Els serveis que oferim en aquest camp s\u00f3n tan extensos que seria impossible detallar-los aqu\u00ed.<\/p>\n<p><strong>Dret Administratiu:<\/strong> Medi ambient, llic\u00e8ncies, urbanisme i intervenci\u00f3 davant dels Jutjats i Tribunals Contenciosos- Administratius.<\/p>\n<p>Propietat Industrial i Intel\u00b7lectual, especialment drets d\u2019autor i assessorament a artistes i empreses de l\u2019espectacle.<\/p>\n<p>Dret del comer\u00e7 electr\u00f2nic, assessorament en noves tecnologies, Dret de les telecomunicacions i subhastes inverses per internet.<\/p>\n<p>Dret de l\u2019esport: Societats an\u00f2nimes esportives, clubs esportius, reclamacions davant organismes esportius con el Tribunal Catal\u00e0 de l\u2019Esport.<\/p>\n<p>Normativa comptable, imprescindible en qualsevol servei d\u2019assessorament jur\u00eddic destinat a les empreses.<\/p>\n<p>Dret Penal: Marino advocats tamb\u00e9 interv\u00e9 en mat\u00e8ria penal\u00a0 en la seva vessant econ\u00f2mica (administraci\u00f3 deslleial, al\u00e7ament de b\u00e9ns, delicte fiscal).<\/p>\n<p>La formaci\u00f3 econ\u00f2mica d\u2019alguns dels nostres professionals permet completar l\u2019assessorament jur\u00eddic amb l\u2019an\u00e0lisi i serveis econ\u00f2mic-financers. De vegades, els enc\u00e0rrecs de contingut econ\u00f2mic no tenen relaci\u00f3 directa amb expedients jur\u00eddics, per\u00f2 si amb l\u2019assessorament empresarial. Per exemple, a la elaboraci\u00f3 de informes sobre comptabilitat anal\u00edtica o de costos, informes sobre aspectes comptables, estudis de ratis econ\u00f2mics i patrimonials de deutors o de la compet\u00e8ncia.<\/p>\n<p>[\/vc_column_text][\/vc_column][vc_column width=&#8221;1\/2&#8243;][vc_single_image image=&#8221;456&#8243; img_size=&#8221;large&#8221; alignment=&#8221;center&#8221; style=&#8221;vc_box_rounded&#8221;][\/vc_column][\/vc_row]<\/p>\n<\/div>","protected":false},"excerpt":{"rendered":"<p>[vc_row][vc_column width=&#8221;1\/2&#8243;][vc_column_text]L\u2019assessorament empresarial no pot prescindir de cap mat\u00e8ria jur\u00eddica, econ\u00f2mica o financera. El nostre tret diferenciador \u00e9s l\u2019aplicaci\u00f3\u00a0 combinada de totes les disciplines jur\u00eddiques i econ\u00f2miques a cadascun dels expedients, a m\u00e9s de l\u2019actualitzaci\u00f3 constant de coneixements. Fidels a\u00a0&#8230;<\/p>\n","protected":false},"author":1,"featured_media":0,"parent":519,"menu_order":0,"comment_status":"closed","ping_status":"closed","template":"","meta":{"footnotes":""},"class_list":["post-507","page","type-page","status-publish","hentry"],"_links":{"self":[{"href":"http:\/\/www.marinoabogados.com\/ca\/wp-json\/wp\/v2\/pages\/507","targetHints":{"allow":["GET"]}}],"collection":[{"href":"http:\/\/www.marinoabogados.com\/ca\/wp-json\/wp\/v2\/pages"}],"about":[{"href":"http:\/\/www.marinoabogados.com\/ca\/wp-json\/wp\/v2\/types\/page"}],"author":[{"embeddable":true,"href":"http:\/\/www.marinoabogados.com\/ca\/wp-json\/wp\/v2\/users\/1"}],"replies":[{"embeddable":true,"href":"http:\/\/www.marinoabogados.com\/ca\/wp-json\/wp\/v2\/comments?post=507"}],"version-history":[{"count":1,"href":"http:\/\/www.marinoabogados.com\/ca\/wp-json\/wp\/v2\/pages\/507\/revisions"}],"predecessor-version":[{"id":508,"href":"http:\/\/www.marinoabogados.com\/ca\/wp-json\/wp\/v2\/pages\/507\/revisions\/508"}],"up":[{"embeddable":true,"href":"http:\/\/www.marinoabogados.com\/ca\/wp-json\/wp\/v2\/pages\/519"}],"wp:attachment":[{"href":"http:\/\/www.marinoabogados.com\/ca\/wp-json\/wp\/v2\/media?parent=507"}],"curies":[{"name":"wp","href":"https:\/\/api.w.org\/{rel}","templated":true}]}}