{"id":509,"date":"2017-12-13T15:46:14","date_gmt":"2017-12-13T15:46:14","guid":{"rendered":"http:\/\/www.marinoabogados.com\/?page_id=509"},"modified":"2017-12-13T15:46:14","modified_gmt":"2017-12-13T15:46:14","slug":"nosaltres","status":"publish","type":"page","link":"http:\/\/www.marinoabogados.com\/ca\/nosaltres\/","title":{"rendered":"Nosaltres"},"content":{"rendered":"<div class=\"wpb-content-wrapper\"><p>[vc_row][vc_column width=&#8221;1\/2&#8243;][vc_column_text]<strong>Marino advocats<\/strong> \u00e9s un despatx integrat per advocats amb m\u00e9s de vint anys d\u2019experi\u00e8ncia. Vam fundar la nostra firma a l\u2019any 2005, quan ens vam associar diversos advocats que proven\u00edem de prestigiosos bufets de Barcelona.[\/vc_column_text][vc_column_text]<\/p>\n<h3>FILOSOFIA<\/h3>\n<ul>\n<li>Assessorament integral de cada enc\u00e0rrec<\/li>\n<li>Assessorament personalitzat<\/li>\n<li>Assessorament continuat a empresaris<\/li>\n<li>Anem m\u00e9s enll\u00e0. Ens agrada aprendre<\/li>\n<li>Combinem per a guanyar<\/li>\n<\/ul>\n<p>[\/vc_column_text][vc_column_text]<strong>Som advocats d\u2019empreses<\/strong>, per\u00f2 tamb\u00e9 de particulars, donat que l\u2019assessorament empresarial comporta treballar a gaireb\u00e9 totes les branques del Dret, la qual cosa permet donar serveis en assumptes no empresarials.<\/p>\n<p>El nostre tret diferenciador i una de les nostres principals <strong>caracter\u00edstiques \u00e9s saber combinar les diferents disciplines jur\u00eddiques<\/strong> a la an\u00e0lisi de cada assumpte, incloses les \u00a0an\u00e0lisis tributaries i econ\u00f2miques. Tot i semblar obvi, no \u00e9s la pr\u00e0ctica habitual als serveis jur\u00eddics, per aix\u00f2 volem destacar-la como una de les nostres principals virtuts.[\/vc_column_text][\/vc_column][vc_column width=&#8221;1\/2&#8243;][vc_single_image image=&#8221;453&#8243; img_size=&#8221;large&#8221; alignment=&#8221;center&#8221; style=&#8221;vc_box_rounded&#8221; onclick=&#8221;link_image&#8221;][vc_column_text]Per exemple, entenem que reclamar judicialment unes factures impagades comporta tamb\u00e9 recuperar l\u2019IVA d\u2019aquestes. Sense aquesta visi\u00f3 global, l\u2019assessorament al client no seria satisfactori.<\/p>\n<p>Aquesta filosofia pot materialitzar-se amb la formaci\u00f3 constant dels nostres professionals, de tal manera\u00a0 que cada especialista pot transferir els seus coneixements a la resta de companys, aconseguint aix\u00ed contemplar per a cada expedient tots els enfocaments possibles.[\/vc_column_text][\/vc_column][\/vc_row]<\/p>\n<\/div>","protected":false},"excerpt":{"rendered":"<p>[vc_row][vc_column width=&#8221;1\/2&#8243;][vc_column_text]Marino advocats \u00e9s un despatx integrat per advocats amb m\u00e9s de vint anys d\u2019experi\u00e8ncia. Vam fundar la nostra firma a l\u2019any 2005, quan ens vam associar diversos advocats que proven\u00edem de prestigiosos bufets de Barcelona.[\/vc_column_text][vc_column_text] FILOSOFIA Assessorament integral de&#8230;<\/p>\n","protected":false},"author":1,"featured_media":0,"parent":0,"menu_order":0,"comment_status":"closed","ping_status":"open","template":"","meta":{"footnotes":""},"class_list":["post-509","page","type-page","status-publish","hentry"],"_links":{"self":[{"href":"http:\/\/www.marinoabogados.com\/ca\/wp-json\/wp\/v2\/pages\/509","targetHints":{"allow":["GET"]}}],"collection":[{"href":"http:\/\/www.marinoabogados.com\/ca\/wp-json\/wp\/v2\/pages"}],"about":[{"href":"http:\/\/www.marinoabogados.com\/ca\/wp-json\/wp\/v2\/types\/page"}],"author":[{"embeddable":true,"href":"http:\/\/www.marinoabogados.com\/ca\/wp-json\/wp\/v2\/users\/1"}],"replies":[{"embeddable":true,"href":"http:\/\/www.marinoabogados.com\/ca\/wp-json\/wp\/v2\/comments?post=509"}],"version-history":[{"count":1,"href":"http:\/\/www.marinoabogados.com\/ca\/wp-json\/wp\/v2\/pages\/509\/revisions"}],"predecessor-version":[{"id":510,"href":"http:\/\/www.marinoabogados.com\/ca\/wp-json\/wp\/v2\/pages\/509\/revisions\/510"}],"wp:attachment":[{"href":"http:\/\/www.marinoabogados.com\/ca\/wp-json\/wp\/v2\/media?parent=509"}],"curies":[{"name":"wp","href":"https:\/\/api.w.org\/{rel}","templated":true}]}}