{"id":519,"date":"2017-12-13T16:05:14","date_gmt":"2017-12-13T16:05:14","guid":{"rendered":"http:\/\/www.marinoabogados.com\/?page_id=519"},"modified":"2017-12-14T10:48:21","modified_gmt":"2017-12-14T10:48:21","slug":"serveis","status":"publish","type":"page","link":"http:\/\/www.marinoabogados.com\/ca\/serveis\/","title":{"rendered":"Serveis"},"content":{"rendered":"<div class=\"wpb-content-wrapper\"><p>[vc_row][vc_column][vc_column_text]Som essencialment advocats d&#8217;empreses, i ho som en pr\u00e0cticament totes les necessitats jur\u00eddiques i fiscals del client. I, com hem explicat en \u00a0<a href=\"http:\/\/www.marinoabogados.com\/ca\/nosaltres\/\">NOSALTRES<\/a>, tamb\u00e9 de particulars. Per aix\u00f2 s\u00f3n moltes les mat\u00e8ries en qu\u00e8 intervenim, passant a destacar aqu\u00ed les principals pel pes que tenen en els expedients habituals:[\/vc_column_text]<div class=\"mkdf-separator-holder clearfix  mkdf-separator-center\">\n\t<div class=\"mkdf-separator\" style=\"margin-top: 25px\"><\/div>\n<\/div>\n[\/vc_column][\/vc_row][vc_row content_aligment=&#8221;center&#8221;][vc_column width=&#8221;1\/4&#8243;]    <span class=\"mkdf-icon-animation-holder\" >\n\n    <span class=\"mkdf-icon-shortcode circle mkdf-icon-animation mkdf-icon-medium\" style=\"background-color: #ebebeb;border-style: solid;border-width: 1px\" data-hover-border-color=\"#242953\" data-hover-background-color=\"#f1f1f1\" data-hover-color=\"#2abbcf\" data-color=\"#242953\">\n                    <a href=\"http:\/\/www.marinoabogados.com\/ca\/fiscal\/\" target=\"_self\">\n        \n        <i class=\"mkdf-icon-font-awesome fa fa-bar-chart mkdf-icon-element\" style=\"color: #242953\" ><\/i>\n                    <\/a>\n            <\/span>\n\n    <\/span>\n[vc_column_text]<\/p>\n<h3 style=\"text-align: center; font-weight: 100;\"><a href=\"http:\/\/www.marinoabogados.com\/ca\/fiscal\/\">Fiscal<\/a><\/h3>\n<p>[\/vc_column_text][\/vc_column][vc_column width=&#8221;1\/4&#8243;]    <span class=\"mkdf-icon-animation-holder\" >\n\n    <span class=\"mkdf-icon-shortcode circle mkdf-icon-animation mkdf-icon-medium\" style=\"background-color: #ebebeb;border-style: solid;border-width: 1px\" data-hover-border-color=\"#242953\" data-hover-background-color=\"#f1f1f1\" data-hover-color=\"#2abbcf\" data-color=\"#242953\">\n                    <a href=\"http:\/\/www.marinoabogados.com\/ca\/procesos-judicials-i-contencios\/\" target=\"_self\">\n        \n        <i class=\"mkdf-icon-font-awesome fa fa-folder mkdf-icon-element\" style=\"color: #242953\" ><\/i>\n                    <\/a>\n            <\/span>\n\n    <\/span>\n[vc_column_text]<\/p>\n<h3 style=\"text-align: center; font-weight: 100;\"><a href=\"http:\/\/www.marinoabogados.com\/ca\/procesos-judicials-i-contencios\/\">\u00a0 Procesos Judicials I Contenci\u00f2s<\/a><\/h3>\n<p>[\/vc_column_text][\/vc_column][vc_column width=&#8221;1\/4&#8243;]    <span class=\"mkdf-icon-animation-holder\" >\n\n    <span class=\"mkdf-icon-shortcode circle mkdf-icon-animation mkdf-icon-medium\" style=\"background-color: #ebebeb;border-style: solid;border-width: 1px\" data-hover-border-color=\"#242953\" data-hover-background-color=\"#f1f1f1\" data-hover-color=\"#2abbcf\" data-color=\"#242953\">\n                    <a href=\"http:\/\/www.marinoabogados.com\/ca\/mercantil-i-societari\/\" target=\"_self\">\n        \n        <i class=\"mkdf-icon-font-awesome fa fa-archive mkdf-icon-element\" style=\"color: #242953\" ><\/i>\n                    <\/a>\n            <\/span>\n\n    <\/span>\n[vc_column_text]<\/p>\n<h3 style=\"text-align: center; font-weight: 100;\"><a href=\"http:\/\/www.marinoabogados.com\/ca\/mercantil-i-societari\/\">Mercantil I Societari<\/a><\/h3>\n<p>[\/vc_column_text][\/vc_column][vc_column width=&#8221;1\/4&#8243;]    <span class=\"mkdf-icon-animation-holder\" >\n\n    <span class=\"mkdf-icon-shortcode circle mkdf-icon-animation mkdf-icon-medium\" style=\"background-color: #ebebeb;border-style: solid;border-width: 1px\" data-hover-border-color=\"#242953\" data-hover-background-color=\"#f1f1f1\" data-hover-color=\"#2abbcf\" data-color=\"#242953\">\n                    <a href=\"http:\/\/www.marinoabogados.com\/ca\/immobiliari-i-construccio\/\" target=\"_self\">\n        \n        <i class=\"mkdf-icon-font-awesome fa fa-home mkdf-icon-element\" style=\"color: #242953\" ><\/i>\n                    <\/a>\n            <\/span>\n\n    <\/span>\n[vc_column_text]<\/p>\n<h3 style=\"text-align: center; font-weight: 100;\"><a href=\"http:\/\/www.marinoabogados.com\/ca\/immobiliari-i-construccio\/\">Immobiliari I Construcci\u00f3<\/a><\/h3>\n<p>[\/vc_column_text][\/vc_column][\/vc_row][vc_row][vc_column]<div class=\"mkdf-separator-holder clearfix  mkdf-separator-center\">\n\t<div class=\"mkdf-separator\" style=\"margin-top: 25px\"><\/div>\n<\/div>\n[\/vc_column][\/vc_row][vc_row content_aligment=&#8221;center&#8221;][vc_column width=&#8221;1\/4&#8243;]    <span class=\"mkdf-icon-animation-holder\" >\n\n    <span class=\"mkdf-icon-shortcode circle mkdf-icon-animation mkdf-icon-medium\" style=\"background-color: #ebebeb;border-style: solid;border-width: 1px\" data-hover-border-color=\"#242953\" data-hover-background-color=\"#f1f1f1\" data-hover-color=\"#2abbcf\" data-color=\"#242953\">\n                    <a href=\"http:\/\/www.marinoabogados.com\/ca\/concursal-i-crisis-empresarial\/\" target=\"_self\">\n        \n        <i class=\"mkdf-icon-font-awesome fa fa-area-chart mkdf-icon-element\" style=\"color: #242953\" ><\/i>\n                    <\/a>\n            <\/span>\n\n    <\/span>\n[vc_column_text]<\/p>\n<h3 style=\"text-align: center; font-weight: 100;\"><a href=\"http:\/\/www.marinoabogados.com\/ca\/concursal-i-crisis-empresarial\/\">Concursal I Crisis Empresarial<\/a><\/h3>\n<p>[\/vc_column_text][\/vc_column][vc_column width=&#8221;1\/4&#8243;]    <span class=\"mkdf-icon-animation-holder\" >\n\n    <span class=\"mkdf-icon-shortcode circle mkdf-icon-animation mkdf-icon-medium\" style=\"background-color: #ebebeb;border-style: solid;border-width: 1px\" data-hover-border-color=\"#242953\" data-hover-background-color=\"#f1f1f1\" data-hover-color=\"#2abbcf\" data-color=\"#242953\">\n                    <a href=\"http:\/\/www.marinoabogados.com\/ca\/bancari\/\" target=\"_self\">\n        \n        <i class=\"mkdf-icon-font-awesome fa fa-eur mkdf-icon-element\" style=\"color: #242953\" ><\/i>\n                    <\/a>\n            <\/span>\n\n    <\/span>\n[vc_column_text]<\/p>\n<h3 style=\"text-align: center; font-weight: 100;\"><a href=\"http:\/\/www.marinoabogados.com\/ca\/bancari\/\">Bancari<\/a><\/h3>\n<p>[\/vc_column_text][\/vc_column][vc_column width=&#8221;1\/4&#8243;]    <span class=\"mkdf-icon-animation-holder\" >\n\n    <span class=\"mkdf-icon-shortcode circle mkdf-icon-animation mkdf-icon-medium\" style=\"background-color: #ebebeb;border-style: solid;border-width: 1px\" data-hover-border-color=\"#242953\" data-hover-background-color=\"#f1f1f1\" data-hover-color=\"#2abbcf\" data-color=\"#242953\">\n                    <a href=\"http:\/\/www.marinoabogados.com\/ca\/gestio-fiscal-i-comptable\/\" target=\"_self\">\n        \n        <i class=\"mkdf-icon-font-awesome fa fa-calculator mkdf-icon-element\" style=\"color: #242953\" ><\/i>\n                    <\/a>\n            <\/span>\n\n    <\/span>\n[vc_column_text]<\/p>\n<h3 style=\"text-align: center; font-weight: 100;\"><a href=\"http:\/\/www.marinoabogados.com\/ca\/gestio-fiscal-i-comptable\/\">Gesti\u00f3 Fiscal I Comptable<\/a><\/h3>\n<p>[\/vc_column_text][\/vc_column][vc_column width=&#8221;1\/4&#8243;]    <span class=\"mkdf-icon-animation-holder\" >\n\n    <span class=\"mkdf-icon-shortcode circle mkdf-icon-animation mkdf-icon-medium\" style=\"background-color: #ebebeb;border-style: solid;border-width: 1px\" data-hover-border-color=\"#242953\" data-hover-background-color=\"#f1f1f1\" data-hover-color=\"#2abbcf\" data-color=\"#242953\">\n                    <a href=\"http:\/\/www.marinoabogados.com\/ca\/daltres-materies\/\" target=\"_self\">\n        \n        <i class=\"mkdf-icon-font-awesome fa fa-briefcase mkdf-icon-element\" style=\"color: #242953\" ><\/i>\n                    <\/a>\n            <\/span>\n\n    <\/span>\n[vc_column_text]<\/p>\n<h3 style=\"text-align: center; font-weight: 100;\"><a href=\"http:\/\/www.marinoabogados.com\/ca\/daltres-materies\/\">D\u2019altres Mat\u00e8ries<\/a><\/h3>\n<p>[\/vc_column_text][\/vc_column][\/vc_row]<\/p>\n<\/div>","protected":false},"excerpt":{"rendered":"<p>[vc_row][vc_column][vc_column_text]Som essencialment advocats d&#8217;empreses, i ho som en pr\u00e0cticament totes les necessitats jur\u00eddiques i fiscals del client. I, com hem explicat en \u00a0NOSALTRES, tamb\u00e9 de particulars. Per aix\u00f2 s\u00f3n moltes les mat\u00e8ries en qu\u00e8 intervenim, passant a destacar aqu\u00ed les&#8230;<\/p>\n","protected":false},"author":1,"featured_media":0,"parent":0,"menu_order":0,"comment_status":"closed","ping_status":"closed","template":"","meta":{"footnotes":""},"class_list":["post-519","page","type-page","status-publish","hentry"],"_links":{"self":[{"href":"http:\/\/www.marinoabogados.com\/ca\/wp-json\/wp\/v2\/pages\/519","targetHints":{"allow":["GET"]}}],"collection":[{"href":"http:\/\/www.marinoabogados.com\/ca\/wp-json\/wp\/v2\/pages"}],"about":[{"href":"http:\/\/www.marinoabogados.com\/ca\/wp-json\/wp\/v2\/types\/page"}],"author":[{"embeddable":true,"href":"http:\/\/www.marinoabogados.com\/ca\/wp-json\/wp\/v2\/users\/1"}],"replies":[{"embeddable":true,"href":"http:\/\/www.marinoabogados.com\/ca\/wp-json\/wp\/v2\/comments?post=519"}],"version-history":[{"count":2,"href":"http:\/\/www.marinoabogados.com\/ca\/wp-json\/wp\/v2\/pages\/519\/revisions"}],"predecessor-version":[{"id":521,"href":"http:\/\/www.marinoabogados.com\/ca\/wp-json\/wp\/v2\/pages\/519\/revisions\/521"}],"wp:attachment":[{"href":"http:\/\/www.marinoabogados.com\/ca\/wp-json\/wp\/v2\/media?parent=519"}],"curies":[{"name":"wp","href":"https:\/\/api.w.org\/{rel}","templated":true}]}}