{"id":526,"date":"2017-12-13T16:17:04","date_gmt":"2017-12-13T16:17:04","guid":{"rendered":"http:\/\/www.marinoabogados.com\/?page_id=526"},"modified":"2018-02-13T12:17:45","modified_gmt":"2018-02-13T12:17:45","slug":"inicio","status":"publish","type":"page","link":"http:\/\/www.marinoabogados.com\/ca\/","title":{"rendered":"Inici"},"content":{"rendered":"<div class=\"wpb-content-wrapper\"><p>[vc_row anchor=&#8221;home-slider&#8221; content_aligment=&#8221;center&#8221;][vc_column]\n\t\t\t<!-- START Inicio REVOLUTION SLIDER 6.7.29 --><p class=\"rs-p-wp-fix\"><\/p>\n\t\t\t<rs-module-wrap id=\"rev_slider_2_1_wrapper\" data-source=\"gallery\" style=\"visibility:hidden;background:transparent;padding:0;margin:0px auto;margin-top:0;margin-bottom:0;\">\n\t\t\t\t<rs-module id=\"rev_slider_2_1\" style=\"\" data-version=\"6.7.29\">\n\t\t\t\t\t<rs-slides style=\"overflow: hidden; position: absolute;\">\n\t\t\t\t\t\t<rs-slide style=\"position: absolute;\" data-key=\"rs-7\" data-title=\"Slide\" data-thumb=\"\/\/www.marinoabogados.com\/wp-content\/uploads\/2017\/02\/IMG_1371-100x50.jpg\" data-anim=\"adpr:false;\">\n\t\t\t\t\t\t\t<img decoding=\"async\" src=\"\/\/www.marinoabogados.com\/wp-content\/plugins\/revslider\/sr6\/assets\/assets\/dummy.png\" alt=\"\" title=\"Inici\" class=\"rev-slidebg tp-rs-img rs-lazyload\" data-lazyload=\"\/\/www.marinoabogados.com\/wp-content\/uploads\/2017\/02\/IMG_1371.jpg\" data-parallax=\"off\" data-no-retina>\n<!---->\t\t\t\t\t<\/rs-slide>\n\t\t\t\t\t\t<rs-slide style=\"position: absolute;\" data-key=\"rs-4\" data-title=\"Slide\" data-thumb=\"\/\/www.marinoabogados.com\/wp-content\/uploads\/2017\/02\/IMG_1370-100x50.jpg\" data-anim=\"adpr:false;\">\n\t\t\t\t\t\t\t<img decoding=\"async\" src=\"\/\/www.marinoabogados.com\/wp-content\/plugins\/revslider\/sr6\/assets\/assets\/dummy.png\" alt=\"\" title=\"Inici\" class=\"rev-slidebg tp-rs-img rs-lazyload\" data-lazyload=\"\/\/www.marinoabogados.com\/wp-content\/uploads\/2017\/02\/IMG_1370.jpg\" data-parallax=\"off\" data-no-retina>\n<!---->\t\t\t\t\t<\/rs-slide>\n\t\t\t\t\t\t<rs-slide style=\"position: absolute;\" data-key=\"rs-8\" data-title=\"Slide\" data-thumb=\"\/\/www.marinoabogados.com\/wp-content\/uploads\/2017\/02\/IMG_2654-1-100x50.jpg\" data-anim=\"adpr:false;\">\n\t\t\t\t\t\t\t<img decoding=\"async\" src=\"\/\/www.marinoabogados.com\/wp-content\/plugins\/revslider\/sr6\/assets\/assets\/dummy.png\" alt=\"\" title=\"Inici\" class=\"rev-slidebg tp-rs-img rs-lazyload\" data-lazyload=\"\/\/www.marinoabogados.com\/wp-content\/uploads\/2017\/02\/IMG_2654-1.jpg\" data-parallax=\"off\" data-no-retina>\n<!---->\t\t\t\t\t<\/rs-slide>\n\t\t\t\t\t\t<rs-slide style=\"position: absolute;\" data-key=\"rs-9\" data-title=\"Slide\" data-thumb=\"\/\/www.marinoabogados.com\/wp-content\/uploads\/2017\/02\/IMG_2651-1-100x50.jpg\" data-anim=\"adpr:false;\">\n\t\t\t\t\t\t\t<img decoding=\"async\" src=\"\/\/www.marinoabogados.com\/wp-content\/plugins\/revslider\/sr6\/assets\/assets\/dummy.png\" alt=\"\" title=\"Inici\" class=\"rev-slidebg tp-rs-img rs-lazyload\" data-lazyload=\"\/\/www.marinoabogados.com\/wp-content\/uploads\/2017\/02\/IMG_2651-1.jpg\" data-parallax=\"off\" data-no-retina>\n<!---->\t\t\t\t\t<\/rs-slide>\n\t\t\t\t\t<\/rs-slides>\n\t\t\t\t<\/rs-module>\n\t\t\t\t<script>\n\t\t\t\t\tsetREVStartSize({c: 'rev_slider_2_1',rl:[1240,1024,778,480],el:[],gw:[1240],gh:[868],type:'standard',justify:'',layout:'fullwidth',mh:\"0\"});if (window.RS_MODULES!==undefined && window.RS_MODULES.modules!==undefined && window.RS_MODULES.modules[\"revslider21\"]!==undefined) {window.RS_MODULES.modules[\"revslider21\"].once = false;window.revapi2 = undefined;if (window.RS_MODULES.checkMinimal!==undefined) window.RS_MODULES.checkMinimal()}\n\t\t\t\t<\/script>\n\t\t\t<\/rs-module-wrap>\n\t\t\t<!-- END REVOLUTION SLIDER -->\n[\/vc_column][\/vc_row][vc_row css=&#8221;.vc_custom_1485801596840{margin-top: 20px !important;}&#8221;][vc_column][vc_column_text]<strong>Marino advocats<\/strong> \u00e9s un despatx integrat per advocats amb m\u00e9s de vint anys d\u2019experi\u00e8ncia. Vam fundar la nostra firma a l\u2019any 2005, quan ens vam associar diversos advocats que proven\u00edem de prestigiosos bufets de Barcelona.<\/p>\n<p><strong>Som advocats d\u2019empreses<\/strong>, per\u00f2 tamb\u00e9 de particulars, donat que l\u2019assessorament empresarial comporta treballar a gaireb\u00e9 totes les branques del Dret, la qual cosa permet donar serveis en assumptes no empresarials[\/vc_column_text][\/vc_column][\/vc_row][vc_row][vc_column][vc_column_text]<\/p>\n<h2>Nostres principals serveis<\/h2>\n<p>[\/vc_column_text]<div class=\"mkdf-separator-holder clearfix  mkdf-separator-center\">\n\t<div class=\"mkdf-separator\" style=\"margin-top: 20px\"><\/div>\n<\/div>\n[\/vc_column][\/vc_row][vc_row content_aligment=&#8221;center&#8221;][vc_column width=&#8221;1\/4&#8243;]    <span class=\"mkdf-icon-animation-holder\" >\n\n    <span class=\"mkdf-icon-shortcode circle mkdf-icon-animation mkdf-icon-medium\" style=\"background-color: #ebebeb;border-style: solid;border-width: 1px\" data-hover-border-color=\"#242953\" data-hover-background-color=\"#f1f1f1\" data-hover-color=\"#2abbcf\" data-color=\"#242953\">\n                    <a href=\"http:\/\/www.marinoabogados.com\/ca\/fiscal\/\" target=\"_self\">\n        \n        <i class=\"mkdf-icon-font-awesome fa fa-bar-chart mkdf-icon-element\" style=\"color: #242953\" ><\/i>\n                    <\/a>\n            <\/span>\n\n    <\/span>\n[vc_column_text]<\/p>\n<h3 style=\"text-align: center; font-weight: 100;\"><a href=\"http:\/\/www.marinoabogados.com\/ca\/fiscal\/\">Fiscal<\/a><\/h3>\n<p>[\/vc_column_text][\/vc_column][vc_column width=&#8221;1\/4&#8243;]    <span class=\"mkdf-icon-animation-holder\" >\n\n    <span class=\"mkdf-icon-shortcode circle mkdf-icon-animation mkdf-icon-medium\" style=\"background-color: #ebebeb;border-style: solid;border-width: 1px\" data-hover-border-color=\"#242953\" data-hover-background-color=\"#f1f1f1\" data-hover-color=\"#2abbcf\" data-color=\"#242953\">\n                    <a href=\"http:\/\/www.marinoabogados.com\/ca\/procesos-judicials-i-contencios\/\" target=\"_self\">\n        \n        <i class=\"mkdf-icon-font-awesome fa fa-folder mkdf-icon-element\" style=\"color: #242953\" ><\/i>\n                    <\/a>\n            <\/span>\n\n    <\/span>\n[vc_column_text]<\/p>\n<h3 style=\"text-align: center; font-weight: 100;\"><a href=\"http:\/\/www.marinoabogados.com\/ca\/procesos-judicials-i-contencios\/\">\u00a0 Procesos Judicials I Contenci\u00f2s<\/a><\/h3>\n<p>[\/vc_column_text][\/vc_column][vc_column width=&#8221;1\/4&#8243;]    <span class=\"mkdf-icon-animation-holder\" >\n\n    <span class=\"mkdf-icon-shortcode circle mkdf-icon-animation mkdf-icon-medium\" style=\"background-color: #ebebeb;border-style: solid;border-width: 1px\" data-hover-border-color=\"#242953\" data-hover-background-color=\"#f1f1f1\" data-hover-color=\"#2abbcf\" data-color=\"#242953\">\n                    <a href=\"http:\/\/www.marinoabogados.com\/ca\/mercantil-i-societari\/\" target=\"_self\">\n        \n        <i class=\"mkdf-icon-font-awesome fa fa-archive mkdf-icon-element\" style=\"color: #242953\" ><\/i>\n                    <\/a>\n            <\/span>\n\n    <\/span>\n[vc_column_text]<\/p>\n<h3 style=\"text-align: center; font-weight: 100;\"><a href=\"http:\/\/www.marinoabogados.com\/ca\/mercantil-i-societari\/\">Mercantil I Societari<\/a><\/h3>\n<p>[\/vc_column_text][\/vc_column][vc_column width=&#8221;1\/4&#8243;]    <span class=\"mkdf-icon-animation-holder\" >\n\n    <span class=\"mkdf-icon-shortcode circle mkdf-icon-animation mkdf-icon-medium\" style=\"background-color: #ebebeb;border-style: solid;border-width: 1px\" data-hover-border-color=\"#242953\" data-hover-background-color=\"#f1f1f1\" data-hover-color=\"#2abbcf\" data-color=\"#242953\">\n                    <a href=\"http:\/\/www.marinoabogados.com\/ca\/immobiliari-i-construccio\/\" target=\"_self\">\n        \n        <i class=\"mkdf-icon-font-awesome fa fa-home mkdf-icon-element\" style=\"color: #242953\" ><\/i>\n                    <\/a>\n            <\/span>\n\n    <\/span>\n[vc_column_text]<\/p>\n<h3 style=\"text-align: center; font-weight: 100;\"><a href=\"http:\/\/www.marinoabogados.com\/ca\/immobiliari-i-construccio\/\">Immobiliari I Construcci\u00f3<\/a><\/h3>\n<p>[\/vc_column_text][\/vc_column][\/vc_row][vc_row][vc_column]<div class=\"mkdf-separator-holder clearfix  mkdf-separator-center\">\n\t<div class=\"mkdf-separator\" style=\"margin-top: 25px\"><\/div>\n<\/div>\n[\/vc_column][\/vc_row][vc_row content_aligment=&#8221;center&#8221;][vc_column width=&#8221;1\/4&#8243;]    <span class=\"mkdf-icon-animation-holder\" >\n\n    <span class=\"mkdf-icon-shortcode circle mkdf-icon-animation mkdf-icon-medium\" style=\"background-color: #ebebeb;border-style: solid;border-width: 1px\" data-hover-border-color=\"#242953\" data-hover-background-color=\"#f1f1f1\" data-hover-color=\"#2abbcf\" data-color=\"#242953\">\n                    <a href=\"http:\/\/www.marinoabogados.com\/ca\/concursal-i-crisis-empresarial\/\" target=\"_self\">\n        \n        <i class=\"mkdf-icon-font-awesome fa fa-area-chart mkdf-icon-element\" style=\"color: #242953\" ><\/i>\n                    <\/a>\n            <\/span>\n\n    <\/span>\n[vc_column_text]<\/p>\n<h3 style=\"text-align: center; font-weight: 100;\"><a href=\"http:\/\/www.marinoabogados.com\/ca\/concursal-i-crisis-empresarial\/\">Concursal I Crisis Empresarial<\/a><\/h3>\n<p>[\/vc_column_text][\/vc_column][vc_column width=&#8221;1\/4&#8243;]    <span class=\"mkdf-icon-animation-holder\" >\n\n    <span class=\"mkdf-icon-shortcode circle mkdf-icon-animation mkdf-icon-medium\" style=\"background-color: #ebebeb;border-style: solid;border-width: 1px\" data-hover-border-color=\"#242953\" data-hover-background-color=\"#f1f1f1\" data-hover-color=\"#2abbcf\" data-color=\"#242953\">\n                    <a href=\"http:\/\/www.marinoabogados.com\/ca\/bancari\/\" target=\"_self\">\n        \n        <i class=\"mkdf-icon-font-awesome fa fa-eur mkdf-icon-element\" style=\"color: #242953\" ><\/i>\n                    <\/a>\n            <\/span>\n\n    <\/span>\n[vc_column_text]<\/p>\n<h3 style=\"text-align: center; font-weight: 100;\"><a href=\"http:\/\/www.marinoabogados.com\/ca\/bancari\/\">Bancari<\/a><\/h3>\n<p>[\/vc_column_text][\/vc_column][vc_column width=&#8221;1\/4&#8243;]    <span class=\"mkdf-icon-animation-holder\" >\n\n    <span class=\"mkdf-icon-shortcode circle mkdf-icon-animation mkdf-icon-medium\" style=\"background-color: #ebebeb;border-style: solid;border-width: 1px\" data-hover-border-color=\"#242953\" data-hover-background-color=\"#f1f1f1\" data-hover-color=\"#2abbcf\" data-color=\"#242953\">\n                    <a href=\"http:\/\/www.marinoabogados.com\/ca\/gestio-fiscal-i-comptable\/\" target=\"_self\">\n        \n        <i class=\"mkdf-icon-font-awesome fa fa-calculator mkdf-icon-element\" style=\"color: #242953\" ><\/i>\n                    <\/a>\n            <\/span>\n\n    <\/span>\n[vc_column_text]<\/p>\n<h3 style=\"text-align: center; font-weight: 100;\"><a href=\"http:\/\/www.marinoabogados.com\/ca\/gestio-fiscal-i-comptable\/\">Gesti\u00f3 Fiscal I Comptable<\/a><\/h3>\n<p>[\/vc_column_text][\/vc_column][vc_column width=&#8221;1\/4&#8243;]    <span class=\"mkdf-icon-animation-holder\" >\n\n    <span class=\"mkdf-icon-shortcode circle mkdf-icon-animation mkdf-icon-medium\" style=\"background-color: #ebebeb;border-style: solid;border-width: 1px\" data-hover-border-color=\"#242953\" data-hover-background-color=\"#f1f1f1\" data-hover-color=\"#2abbcf\" data-color=\"#242953\">\n                    <a href=\"http:\/\/www.marinoabogados.com\/ca\/daltres-materies\/\" target=\"_self\">\n        \n        <i class=\"mkdf-icon-font-awesome fa fa-briefcase mkdf-icon-element\" style=\"color: #242953\" ><\/i>\n                    <\/a>\n            <\/span>\n\n    <\/span>\n[vc_column_text]<\/p>\n<h3 style=\"text-align: center; font-weight: 100;\"><a href=\"http:\/\/www.marinoabogados.com\/ca\/daltres-materies\/\">D\u2019altres Mat\u00e8ries<\/a><\/h3>\n<p>[\/vc_column_text][\/vc_column][\/vc_row][vc_row][vc_column]<div class=\"mkdf-separator-holder clearfix  mkdf-separator-center\">\n\t<div class=\"mkdf-separator\" style=\"margin-top: 25px\"><\/div>\n<\/div>\n[vc_column_text]<\/p>\n<h2>Not\u00edcies<\/h2>\n<p>[\/vc_column_text][\/vc_column][\/vc_row][vc_row][vc_column]<div class=\"mkdf-blog-list-holder mkdf-three-columns mkdf-grid-type-2 mkdf-blog-list-grid\">\n\t<ul class=\"mkdf-blog-list\">\n\t<li class=\"mkdf-blog-list-item clearfix post-976 post type-post status-publish format-standard hentry category-uncategorized-ca\">\n\t<div class=\"mkdf-blog-list-item-inner\">\n\t\t\t\t\t<div class=\"mkdf-item-image\" itemprop=\"image\">\n\t\t\t\t<a itemprop=\"url\" href=\"http:\/\/www.marinoabogados.com\/ca\/2018\/02\/13\/como-y-contra-quien-puede-reclamar-el-comprador-de-una-vivienda-nueva-por-los-defectos-de-la-misma-una-vez-entregada\/\">\n\t\t\t\t\t\t\t\t\t\t\t\t\t\t\t\t\t\t\t\t<\/a>\n\t\t\t<\/div>\n\t\t\t\t<div class=\"mkdf-item-text-holder\">\n\t\t\t<div class=\"mkdf-item-date\">\n\t\t\t\t<time itemprop=\"datePublished\" datetime=\"2018-02-13\">13 febrer, 2018<\/time>\n\t\t\t<\/div>\n\t\t\t<h6 itemprop=\"headline\" class=\"mkdf-item-title\">\n\t\t\t<a itemprop=\"url\" href=\"http:\/\/www.marinoabogados.com\/ca\/2018\/02\/13\/como-y-contra-quien-puede-reclamar-el-comprador-de-una-vivienda-nueva-por-los-defectos-de-la-misma-una-vez-entregada\/\">\n\t\t\t\t\u00bfC\u00f3mo y contra qui\u00e9n puede reclamar el comprador de una vivienda nueva por los defectos de la misma una vez entregada?\t\t\t<\/a>\n\t\t<\/h6>\n\n\t\t\t\t\t<p itemprop=\"description\" class=\"mkdf-excerpt\">Como garant\u00eda para el comprador de una vivienda ante la existencia de defectos de la cons<\/p>\n\t\t\n\t\t<div class=\"mkdf-post-item-author-holder\">\n\t\t\t<a itemprop=\"url\" href=\"http:\/\/www.marinoabogados.com\/ca\/author\/superadministrador\/\">\n\t\t\t\t<span class=\"mkdf-post-item-author-avatar-holder\">\n\t\t\t\t\t<img alt='' src='https:\/\/secure.gravatar.com\/avatar\/a97d7639991cb8e7c3b2f2ad0d0f5549?s=30&#038;d=mm&#038;r=g' class='avatar avatar-30 photo' height='30' width='30' \/>\t\t\t\t<\/span>\n\n\t\t\t\t<span itemprop=\"author\" class=\"mkdf-post-item-author-name\">\n\t\t\t\t\tMarino Abogados\t\t\t\t<\/span>\n\t\t\t<\/a>\n\t\t<\/div>\n\t<\/div>\n\t<\/div>\n<\/li><li class=\"mkdf-blog-list-item clearfix post-974 post type-post status-publish format-standard hentry category-uncategorized-ca\">\n\t<div class=\"mkdf-blog-list-item-inner\">\n\t\t\t\t\t<div class=\"mkdf-item-image\" itemprop=\"image\">\n\t\t\t\t<a itemprop=\"url\" href=\"http:\/\/www.marinoabogados.com\/ca\/2018\/02\/13\/puedo-cobrar-por-mi-hipoteca\/\">\n\t\t\t\t\t\t\t\t\t\t\t\t\t\t\t\t\t\t\t\t<\/a>\n\t\t\t<\/div>\n\t\t\t\t<div class=\"mkdf-item-text-holder\">\n\t\t\t<div class=\"mkdf-item-date\">\n\t\t\t\t<time itemprop=\"datePublished\" datetime=\"2018-02-13\">13 febrer, 2018<\/time>\n\t\t\t<\/div>\n\t\t\t<h6 itemprop=\"headline\" class=\"mkdf-item-title\">\n\t\t\t<a itemprop=\"url\" href=\"http:\/\/www.marinoabogados.com\/ca\/2018\/02\/13\/puedo-cobrar-por-mi-hipoteca\/\">\n\t\t\t\t\u00bfPUEDO COBRAR POR MI HIPOTECA?\t\t\t<\/a>\n\t\t<\/h6>\n\n\t\t\t\t\t<p itemprop=\"description\" class=\"mkdf-excerpt\">En la actualidad, los medios de comunicaci\u00f3n est\u00e1n hablando de que en pr\u00f3ximamente tend<\/p>\n\t\t\n\t\t<div class=\"mkdf-post-item-author-holder\">\n\t\t\t<a itemprop=\"url\" href=\"http:\/\/www.marinoabogados.com\/ca\/author\/superadministrador\/\">\n\t\t\t\t<span class=\"mkdf-post-item-author-avatar-holder\">\n\t\t\t\t\t<img alt='' src='https:\/\/secure.gravatar.com\/avatar\/a97d7639991cb8e7c3b2f2ad0d0f5549?s=30&#038;d=mm&#038;r=g' class='avatar avatar-30 photo' height='30' width='30' \/>\t\t\t\t<\/span>\n\n\t\t\t\t<span itemprop=\"author\" class=\"mkdf-post-item-author-name\">\n\t\t\t\t\tMarino Abogados\t\t\t\t<\/span>\n\t\t\t<\/a>\n\t\t<\/div>\n\t<\/div>\n\t<\/div>\n<\/li><li class=\"mkdf-blog-list-item clearfix post-972 post type-post status-publish format-standard hentry category-uncategorized-ca\">\n\t<div class=\"mkdf-blog-list-item-inner\">\n\t\t\t\t\t<div class=\"mkdf-item-image\" itemprop=\"image\">\n\t\t\t\t<a itemprop=\"url\" href=\"http:\/\/www.marinoabogados.com\/ca\/2018\/02\/13\/es-posible-reclamar-los-gastos-de-formalizacion-de-la-hipoteca\/\">\n\t\t\t\t\t\t\t\t\t\t\t\t\t\t\t\t\t\t\t\t<\/a>\n\t\t\t<\/div>\n\t\t\t\t<div class=\"mkdf-item-text-holder\">\n\t\t\t<div class=\"mkdf-item-date\">\n\t\t\t\t<time itemprop=\"datePublished\" datetime=\"2018-02-13\">13 febrer, 2018<\/time>\n\t\t\t<\/div>\n\t\t\t<h6 itemprop=\"headline\" class=\"mkdf-item-title\">\n\t\t\t<a itemprop=\"url\" href=\"http:\/\/www.marinoabogados.com\/ca\/2018\/02\/13\/es-posible-reclamar-los-gastos-de-formalizacion-de-la-hipoteca\/\">\n\t\t\t\t\u00bfEs posible reclamar los gastos de formalizaci\u00f3n de la hipoteca?\t\t\t<\/a>\n\t\t<\/h6>\n\n\t\t\t\t\t<p itemprop=\"description\" class=\"mkdf-excerpt\">Una de las clausulas m\u00e1s comunes en las escrituras de pr\u00e9stamos hipotecarios redactadas <\/p>\n\t\t\n\t\t<div class=\"mkdf-post-item-author-holder\">\n\t\t\t<a itemprop=\"url\" href=\"http:\/\/www.marinoabogados.com\/ca\/author\/superadministrador\/\">\n\t\t\t\t<span class=\"mkdf-post-item-author-avatar-holder\">\n\t\t\t\t\t<img alt='' src='https:\/\/secure.gravatar.com\/avatar\/a97d7639991cb8e7c3b2f2ad0d0f5549?s=30&#038;d=mm&#038;r=g' class='avatar avatar-30 photo' height='30' width='30' \/>\t\t\t\t<\/span>\n\n\t\t\t\t<span itemprop=\"author\" class=\"mkdf-post-item-author-name\">\n\t\t\t\t\tMarino Abogados\t\t\t\t<\/span>\n\t\t\t<\/a>\n\t\t<\/div>\n\t<\/div>\n\t<\/div>\n<\/li>\t<\/ul>\t\n<\/div>\n[\/vc_column][\/vc_row]<\/p>\n<\/div>","protected":false},"excerpt":{"rendered":"<p>[vc_row anchor=&#8221;home-slider&#8221; content_aligment=&#8221;center&#8221;][vc_column][\/vc_column][\/vc_row][vc_row css=&#8221;.vc_custom_1485801596840{margin-top: 20px !important;}&#8221;][vc_column][vc_column_text]Marino advocats \u00e9s un despatx integrat per advocats amb m\u00e9s de vint anys d\u2019experi\u00e8ncia. Vam fundar la nostra firma a l\u2019any 2005, quan ens vam associar diversos advocats que proven\u00edem de prestigiosos bufets de Barcelona&#8230;.<\/p>\n","protected":false},"author":1,"featured_media":0,"parent":0,"menu_order":0,"comment_status":"closed","ping_status":"closed","template":"","meta":{"footnotes":""},"class_list":["post-526","page","type-page","status-publish","hentry"],"_links":{"self":[{"href":"http:\/\/www.marinoabogados.com\/ca\/wp-json\/wp\/v2\/pages\/526","targetHints":{"allow":["GET"]}}],"collection":[{"href":"http:\/\/www.marinoabogados.com\/ca\/wp-json\/wp\/v2\/pages"}],"about":[{"href":"http:\/\/www.marinoabogados.com\/ca\/wp-json\/wp\/v2\/types\/page"}],"author":[{"embeddable":true,"href":"http:\/\/www.marinoabogados.com\/ca\/wp-json\/wp\/v2\/users\/1"}],"replies":[{"embeddable":true,"href":"http:\/\/www.marinoabogados.com\/ca\/wp-json\/wp\/v2\/comments?post=526"}],"version-history":[{"count":12,"href":"http:\/\/www.marinoabogados.com\/ca\/wp-json\/wp\/v2\/pages\/526\/revisions"}],"predecessor-version":[{"id":981,"href":"http:\/\/www.marinoabogados.com\/ca\/wp-json\/wp\/v2\/pages\/526\/revisions\/981"}],"wp:attachment":[{"href":"http:\/\/www.marinoabogados.com\/ca\/wp-json\/wp\/v2\/media?parent=526"}],"curies":[{"name":"wp","href":"https:\/\/api.w.org\/{rel}","templated":true}]}}