{"id":872,"date":"2017-12-14T10:43:14","date_gmt":"2017-12-14T10:43:14","guid":{"rendered":"http:\/\/www.marinoabogados.com\/?page_id=872"},"modified":"2017-12-14T10:51:15","modified_gmt":"2017-12-14T10:51:15","slug":"legal-warning","status":"publish","type":"page","link":"http:\/\/www.marinoabogados.com\/en\/legal-warning\/","title":{"rendered":"legal warning"},"content":{"rendered":"<div class=\"wpb-content-wrapper\"><p>[vc_row][vc_column][vc_column_text]<\/p>\n<ol>\n<li><strong> Datos de la empresa<\/strong><\/li>\n<\/ol>\n<p>www.marinoabogados.com es un producto de MARINO ABOGADOS<\/p>\n<p>En cumplimiento del art\u00edculo 10 de la Ley 34\/2002, de 11 de julio, de Servicios de la Sociedad de la Informaci\u00f3n y Comercio Electr\u00f3nico (LSSI), a continuaci\u00f3n se exponen los datos identificativos del responsable del presente sitio web:<\/p>\n<p>MARINO ABOGADOS, S.L.P.<\/p>\n<p>CIF n\u00ba B64842008<\/p>\n<p>info@marinoabogados.com<\/p>\n<p>N\u00ba de tel\u00e9fono: \u00a0\u00a0\u00a0\u00a0\u00a0\u00a0\u00a0\u00a0\u00a0 935510166<\/p>\n<p>Sociedad inscrita en el Registro Mercantil de Barcelona, en el tomo 40759, folio 209, hoja B 374119, inscripci\u00f3n 1.<\/p>\n<ol start=\"2\">\n<li><strong> Objeto <\/strong><\/li>\n<\/ol>\n<p>Este aviso legal tiene por objeto establecer las condiciones generales que regulan el acceso y uso general del presente sitio web por parte de todos los usuarios, de manera que el acceso y el uso del mismo implica necesariamente el sometimiento y aceptaci\u00f3n de las condiciones generales incluidas en este Aviso Legal.<\/p>\n<p>Por este motivo, MARINO ABOGADOS recomienda que el usuario las lea detenidamente cada vez que quiera entrar y hacer uso de la citada p\u00e1gina web, ya que \u00e9stas pueden sufrir alg\u00fan cambio. En este sentido, MARINO ABOGADOS se reserva la facultad de realizar, en cualquier momento y sin necesidad de previo aviso alguno, cualquier modificaci\u00f3n o actualizaci\u00f3n de los contenidos y servicios, de las presentes condiciones generales de acceso y uso y, en general, de cuantos elementos integren el dise\u00f1o y configuraci\u00f3n del presente sitio web.<\/p>\n<ol start=\"3\">\n<li><strong> Uso <\/strong><\/li>\n<\/ol>\n<p>En el caso de que el usuario proceda a su registro para la contrataci\u00f3n o adquisici\u00f3n de un servicio ofrecido en el presente sitio web, el usuario ser\u00e1 responsable de aportar informaci\u00f3n veraz y l\u00edcita. Si como consecuencia del registro, se dotara al usuario de una contrase\u00f1a, \u00e9ste se compromete a hacer un uso diligente y a mantener en secreto la contrase\u00f1a para acceder a estos servicios. En consecuencia, los usuarios son responsables de la adecuada custodia y confidencialidad de cualesquiera identificadores y\/o contrase\u00f1as que, en su caso, le sean suministradas por MARINO ABOGADOS, y se comprometen a no ceder su uso a terceros, ya sea temporal o permanente, ni a permitir su acceso a personas ajenas. Ser\u00e1 responsabilidad del usuario la utilizaci\u00f3n il\u00edcita de los servicios por cualquier tercero ileg\u00edtimo que emplee a tal efecto una contrase\u00f1a a causa de una utilizaci\u00f3n no diligente o de la p\u00e9rdida de la misma por el usuario. En virtud de lo anterior, es obligaci\u00f3n del usuario notificar de forma inmediata a la direcci\u00f3n de contacto de MARINO ABOGADOS acerca de cualquier hecho que permita el uso indebido de los identificadores y\/o contrase\u00f1as, tales como el robo, extrav\u00edo, o el acceso no autorizado a los mismos, con el fin de proceder a su inmediata cancelaci\u00f3n. Mientras no se comuniquen tales hechos, MARINO ABOGADOS quedar\u00e1 eximida de cualquier responsabilidad que pudiera derivarse del uso indebido de los identificadores o contrase\u00f1as por terceros no autorizados.<\/p>\n<p>La utilizaci\u00f3n del presente sitio web por cualquier persona atribuye la condici\u00f3n de usuario de la misma, el cual acepta que el citado uso es bajo su exclusiva responsabilidad, por lo que el usuario se compromete a observar diligente y fielmente cualquier instrucci\u00f3n adicional impartida por MARINO ABOGADOS o por personal autorizado de MARINO ABOGADOS relativa al uso del presente sitio web y de sus contenidos.<\/p>\n<p>El usuario se compromete a no utilizar la informaci\u00f3n, actividades, productos o servicios que MARINO ABOGADOS pone a su disposici\u00f3n para desarrollar actividades contrarias a las leyes, a la moral o al orden p\u00fablico y, en general, a hacer un uso conforme a las presentes condiciones generales. Por tanto, el usuario se obliga a usar los contenidos de forma diligente, correcta y l\u00edcita y, en particular, se compromete a abstenerse de:<\/p>\n<ol>\n<li>Utilizar los contenidos con fines o efectos contrarios a la ley, a la moral y a las buenas costumbres generalmente aceptadas o al orden p\u00fablico.<\/li>\n<li>Reproducir o copiar, distribuir, permitir el acceso del p\u00fablico a trav\u00e9s de cualquier modalidad de comunicaci\u00f3n p\u00fablica, transformar o modificar los contenidos, a menos que se cuente con la autorizaci\u00f3n del titular de los correspondientes derechos o ello resulte legalmente permitido.<\/li>\n<\/ol>\n<ul>\n<li>Emplear los contenidos y, en particular, la informaci\u00f3n de cualquier clase obtenida a trav\u00e9s de la p\u00e1gina o de los servicios para remitir publicidad, comunicaciones con fines de venta directa o con cualquier otra clase de finalidad comercial, mensajes no solicitados dirigidos a una pluralidad de personas con independencia de su finalidad, as\u00ed como a abstenerse de comercializar o divulgar de cualquier modo dicha informaci\u00f3n.<\/li>\n<\/ul>\n<p>En cualquier caso, MARINO ABOGADOS no se responsabiliza de los da\u00f1os y perjuicios que puedan sufrir los equipos inform\u00e1ticos del usuario porque \u00e9ste haya accedido al portal o lo haya utilizado de forma indebida o negligente.<\/p>\n<ol start=\"4\">\n<li><strong> Propiedad Intelectual<\/strong><\/li>\n<\/ol>\n<p>Todos los contenidos de la p\u00e1gina web, entendiendo por estos a t\u00edtulo meramente enunciativo los textos, im\u00e1genes, gr\u00e1ficos, im\u00e1genes, iconos, tecnolog\u00eda, software, enlaces y dem\u00e1s contenidos audiovisuales o sonoros, as\u00ed como su dise\u00f1o gr\u00e1fico y c\u00f3digos fuente (en adelante, \u201clos CONTENIDOS\u201d), son propiedad intelectual e industrial de MARINO ABOGADOS o en su caso, de terceros. Del mismo modo, las marcas, nombres comerciales o signos distintivos son titularidad exclusiva de MARINO ABOGADOS o, en su caso, de terceros.<\/p>\n<p>&nbsp;<\/p>\n<p>Queda prohibida la reproducci\u00f3n, transformaci\u00f3n, distribuci\u00f3n, comunicaci\u00f3n p\u00fablica, puesta a disposici\u00f3n interactiva, extracci\u00f3n, reutilizaci\u00f3n, reenv\u00edo o la utilizaci\u00f3n de cualquier naturaleza, por cualquier medio o procedimiento, de cualquiera de los CONTENIDOS, salvo en los casos en que est\u00e9 legalmente permitido o sea autorizado expresamente y por escrito por el titular de los correspondientes derechos. MARINO ABOGADOS se reserva el uso de acciones judiciales civiles y\/o penales contra aquellas personas f\u00edsicas o jur\u00eddicas y sus representantes que violen cualquiera de los citados derechos de propiedad industrial e intelectual.<\/p>\n<p>MARINO ABOGADOS se compromete a cumplir las condiciones mencionadas anteriormente para garantizar el uso correcto del contenido del sitio web, ejerciendo cualquier acci\u00f3n civil o penal necesaria en el caso de infracci\u00f3n o incumplimiento de estos derechos por parte del usuario.<\/p>\n<ol start=\"5\">\n<li><strong> Enlaces al presente portal<\/strong><\/li>\n<\/ol>\n<p>El usuario que quiera introducir un enlace desde su propia p\u00e1gina web al presente portal deber\u00e1 estar previamente autorizado y por escrito por parte de MARINO ABOGADOS<strong>.<\/strong><\/p>\n<ol start=\"6\">\n<li><strong> Responsabilidades y garant\u00edas<\/strong><\/li>\n<\/ol>\n<p>MARINO ABOGADOS no garantiza la licitud, fiabilidad, utilidad, veracidad o exactitud de los servicios o de la informaci\u00f3n que se presten a trav\u00e9s del presente sitio web.<\/p>\n<p>En consecuencia, MARINO ABOGADOS no garantiza ni se hace responsable de:<\/p>\n<ul>\n<li>La continuidad de los contenidos del presente sitio web.<\/li>\n<li>La ausencia de errores en dichos contenidos ni la correcci\u00f3n de cualquier defecto que pudiera ocurrir.<\/li>\n<li>La ausencia de virus y\/o dem\u00e1s componentes da\u00f1inos en el presente sitio web o en el servidor que lo alberga.<\/li>\n<li>La invulnerabilidad del presente sitio web y\/o la inexpugnabilidad de las medidas de seguridad que se adopten en el mismo.<\/li>\n<li>La falta de utilidad o rendimiento de los contenidos del presente sitio web.<\/li>\n<li>Los da\u00f1os o perjuicios que cause, a s\u00ed mismo o a un tercero, cualquier persona que infringiera las condiciones, normas e instrucciones que MARINO ABOGADOS establece en el presente sitio web o a trav\u00e9s de la vulneraci\u00f3n de los sistemas de seguridad de MARINO ABOGADOS.<\/li>\n<\/ul>\n<p>No obstante, MARINO ABOGADOS declara que ha adoptado todas las medidas necesarias, dentro de sus posibilidades y del estado de la tecnolog\u00eda, para garantizar el funcionamiento del presente sitio web y evitar la existencia y transmisi\u00f3n de virus y dem\u00e1s componentes da\u00f1inos a los usuarios. En cualquier caso, MARINO ABOGADOS no se responsabiliza de los da\u00f1os y perjuicios que puedan sufrir los equipos inform\u00e1ticos del usuario porque \u00e9ste haya accedido al portal o la haya utilizado de forma indebida o negligente.<\/p>\n<p><strong><br \/>\n<\/strong><\/p>\n<ol start=\"7\">\n<li><strong> Legislaci\u00f3n y jurisdicci\u00f3n aplicable<\/strong><\/li>\n<\/ol>\n<p>Las relaciones establecidas entre MARINO ABOGADOS y el usuario se regir\u00e1n por lo dispuesto en la normativa vigente acerca de la legislaci\u00f3n aplicable y la jurisdicci\u00f3n competente. La ley espa\u00f1ola ser\u00e1 la \u00fanica aplicable. Para los casos en los que la normativa prevea la posibilidad a las partes de someterse expresamente a un fuero, MARINO ABOGADOS y el usuario, con renuncia expresa a cualquier otro fuero que pudiera corresponderles, se someten a los juzgados y tribunales de la ciudad de Barcelona<em>.<\/em><\/p>\n<p>Copyright \u00a9 MARINO ABOGADOS, SLP. Todos los derechos reservados[\/vc_column_text][\/vc_column][\/vc_row][vc_row][vc_column][vc_column_text]<\/p>\n<h1>Pol\u00edtica de privacidad<\/h1>\n<p>A trav\u00e9s del presente aviso, MARINO ABOGADOS, S.L.P. informa a los usuarios, en cumplimiento del art\u00edculo 5 de la Ley Org\u00e1nica 15\/1999, de Protecci\u00f3n de Datos de Car\u00e1cter Personal (en adelante, LOPD), sobre su pol\u00edtica de protecci\u00f3n de datos personales con la finalidad de que \u00e9stos decidan de forma expresa, libre y voluntaria, si desean facilitarle los datos personales que les son solicitados en el sitio web para la prestaci\u00f3n de sus servicios.<\/p>\n<p>&nbsp;<\/p>\n<p>Tambi\u00e9n se informa a los usuarios de la incorporaci\u00f3n de los datos a ficheros, cuyo titular y responsable es MARINO ABOGADOS, S.L.P., llevando a cabo un tratamiento informatizado con la finalidad de cursar su solicitud y, en su caso, remitirles informaci\u00f3n sobre las actividades de MARINO ABOGADOS, S.L.P. que puedan resultar de su inter\u00e9s, entendi\u00e9ndose que con el env\u00edo de sus datos autorizan expresamente a MARINO ABOGADOS, S.L.P. para el tratamiento de sus datos con las anteriores finalidades, incluidas las comunicaciones enviadas por correo electr\u00f3nico.<\/p>\n<p>&nbsp;<\/p>\n<p>El usuario deber\u00e1 rellenar los formularios con datos verdaderos, exactos, completos y actualizados, respondiendo de los da\u00f1os y perjuicios que pudiera ocasionar a causa de la cumplimentaci\u00f3n defectuosa de los formularios con datos falsos, inexactos, incompletos o no actualizados.<\/p>\n<p>&nbsp;<\/p>\n<p>MARINO ABOGADOS, S.L.P. ha adoptado los niveles de seguridad de protecci\u00f3n de los datos personales exigidos en la legislaci\u00f3n vigente de protecci\u00f3n de datos, instalando las medidas t\u00e9cnicas y organizativas necesarias para evitar la p\u00e9rdida, mal uso, alteraci\u00f3n, acceso no autorizado y dem\u00e1s riesgos posibles.<\/p>\n<p>&nbsp;<\/p>\n<p>Igualmente, MARINO ABOGADOS, S.L.P. se compromete al cumplimiento de su obligaci\u00f3n de secreto de los datos personales y de su deber de guardarlos, y adoptar\u00e1 todas las medidas necesarias para evitar su alteraci\u00f3n, p\u00e9rdida, tratamiento o acceso no autorizado, habida cuenta en todo momento del estado de la tecnolog\u00eda.<\/p>\n<p>&nbsp;<\/p>\n<p>El usuario o persona que lo represente podr\u00e1 ejercitar en cualquier momento el derecho de acceso, rectificaci\u00f3n, cancelaci\u00f3n y, en su caso, oposici\u00f3n de acuerdo con lo establecido en la LOPD y dem\u00e1s normativa aplicable al efecto, dirigiendo una comunicaci\u00f3n escrita a MARINO ABOGADOS, S.L.P., con direcci\u00f3n postal en Barcelona, Avda. De Pau Casals, 6, Principal, 1\u00aa, CP 08021, y\/o electr\u00f3nica a <a href=\"mailto:info@marinoabogados.com\">info@marinoabogados.com<\/a>, en la que se acredite la identidad del usuario.<\/p>\n<p>En caso de que la empresa prestara alg\u00fan tipo de servicio especial en el que determine unas previsiones espec\u00edficas diferentes a \u00e9stas en lo relativo a la protecci\u00f3n de datos, tendr\u00e1 primac\u00eda la aplicaci\u00f3n de las normas particulares indicadas para ese servicio en particular por encima de las presentes, en caso de incongruencia.<\/p>\n<p>MARINO ABOGADOS, S.L.P. se reserva el derecho a modificar la presente pol\u00edtica, informando previamente a los usuarios de los cambios que en ella se introduzcan.[\/vc_column_text][\/vc_column][\/vc_row]<\/p>\n<\/div>","protected":false},"excerpt":{"rendered":"<p>[vc_row][vc_column][vc_column_text] Datos de la empresa www.marinoabogados.com es un producto de MARINO ABOGADOS En cumplimiento del art\u00edculo 10 de la Ley 34\/2002, de 11 de julio, de Servicios de la Sociedad de la Informaci\u00f3n y Comercio Electr\u00f3nico (LSSI), a continuaci\u00f3n se&#8230;<\/p>\n","protected":false},"author":1,"featured_media":0,"parent":0,"menu_order":0,"comment_status":"closed","ping_status":"closed","template":"","meta":{"footnotes":""},"class_list":["post-872","page","type-page","status-publish","hentry"],"_links":{"self":[{"href":"http:\/\/www.marinoabogados.com\/en\/wp-json\/wp\/v2\/pages\/872","targetHints":{"allow":["GET"]}}],"collection":[{"href":"http:\/\/www.marinoabogados.com\/en\/wp-json\/wp\/v2\/pages"}],"about":[{"href":"http:\/\/www.marinoabogados.com\/en\/wp-json\/wp\/v2\/types\/page"}],"author":[{"embeddable":true,"href":"http:\/\/www.marinoabogados.com\/en\/wp-json\/wp\/v2\/users\/1"}],"replies":[{"embeddable":true,"href":"http:\/\/www.marinoabogados.com\/en\/wp-json\/wp\/v2\/comments?post=872"}],"version-history":[{"count":2,"href":"http:\/\/www.marinoabogados.com\/en\/wp-json\/wp\/v2\/pages\/872\/revisions"}],"predecessor-version":[{"id":876,"href":"http:\/\/www.marinoabogados.com\/en\/wp-json\/wp\/v2\/pages\/872\/revisions\/876"}],"wp:attachment":[{"href":"http:\/\/www.marinoabogados.com\/en\/wp-json\/wp\/v2\/media?parent=872"}],"curies":[{"name":"wp","href":"https:\/\/api.w.org\/{rel}","templated":true}]}}